{"id":50,"date":"2025-04-02T10:49:33","date_gmt":"2025-04-02T10:49:33","guid":{"rendered":"https:\/\/support.cajac.net\/?page_id=50"},"modified":"2025-04-09T10:20:43","modified_gmt":"2025-04-09T10:20:43","slug":"cajac-ms-office-schnittstelle","status":"publish","type":"page","link":"https:\/\/support.cajac.net\/?page_id=50","title":{"rendered":"CAJAC &#8211; MS Office-Schnittstelle"},"content":{"rendered":"\n<p>Das cajmso-Add-In bzw. die <strong>CAJAC MS Office-Schnittstelle<\/strong> bedient <strong>MS Word<\/strong> oder <strong>MS Excel<\/strong> mit den Datenbank-Feldern aus CAJAC.<\/p>\n\n\n\n<p>Dar\u00fcber lassen sich die Serienbriefe erstellen und personalisieren (=pro Empf\u00e4nger wird ein ein separates PDF-Dokument generiert und gespeichert). Nach <strong>Excel<\/strong> k\u00f6nnen ebenfalls Daten aus der CAJAC Datenbank \u00fcbernommen werden &#8211; wobei hier keine Personalisierung m\u00f6glich ist. Auch kann aus <strong>Excel kein PDF<\/strong> generiert werden. <\/p>\n\n\n\n<p>Voraussetzung zur Verwendung der <strong>CAJAC MS Office-Schnittstelle<\/strong> zur Erstellung von Serienbriefen ist die Erstellung von <a href=\"https:\/\/support.cajac.net\/?page_id=54\">Dokumentvorlagen<\/a>.<\/p>\n\n\n\n<h5 class=\"wp-block-heading\">Technische Beschreibung<\/h5>\n\n\n\n<p>Die <strong>MS Office-Schnittstelle <\/strong>wird im CAJAC geladen sobald ein Word- oder Excel-Dokument ge\u00f6ffnet wird. Sobald ein Dokument oder eine Dokumentvorlage bearbeitet oder zum Viewen ge\u00f6ffnet wird, l\u00e4dt MS Office automatisch auch das CAJAC Add-In <strong><em>cajmso<\/em><\/strong>.<\/p>\n\n\n\n<p>In den Konfigurationseinstellungen von Word oder auch Excel sieht as folgenderma\u00dfen aus: <\/p>\n\n\n<div class=\"wp-block-image\">\n<figure class=\"aligncenter size-full is-resized\"><img loading=\"lazy\" decoding=\"async\" width=\"943\" height=\"836\" src=\"\/wp-content\/uploads\/2025\/04\/grafik-1.png\" alt=\"\" class=\"wp-image-62\" style=\"width:920px;height:auto\" srcset=\"https:\/\/support.cajac.net\/wp-content\/uploads\/2025\/04\/grafik-1.png 943w, https:\/\/support.cajac.net\/wp-content\/uploads\/2025\/04\/grafik-1-300x266.png 300w, https:\/\/support.cajac.net\/wp-content\/uploads\/2025\/04\/grafik-1-768x681.png 768w, https:\/\/support.cajac.net\/wp-content\/uploads\/2025\/04\/grafik-1-338x300.png 338w\" sizes=\"auto, (max-width: 943px) 100vw, 943px\" \/><figcaption class=\"wp-element-caption\"><em>Konfigurationseinstellungen in MS Word 365<\/em><\/figcaption><\/figure>\n<\/div>\n\n\n<p>(Der Pfad zu den Optionen in Word kann je nach MS-Office Version etwas anders aussehen. Im aktuellen MS 365 finden Sie die Optionen unter <strong><em>Datei -&gt; Optionen -&gt; Add-Ins<\/em><\/strong>)<\/p>\n\n\n\n<p>Egal, ob es sich um ein importiertes Worddokument oder ein neu angelegtes Worddokument basierend auf eine Vorlage handelt: beim Bearbeiten und \u00f6ffnen des Dokuments wird die CAJAC Office-Schnittstelle geladen.<\/p>\n\n\n\n<ul class=\"wp-block-list\">\n<li>D.h. CAJAC holt sich das Word-Dokument aus dem CAJAC Archiv und legt in einem <strong>tempor\u00e4ren Verzeichnis eine Arbeitskopie<\/strong> des Dokuments an. <\/li>\n\n\n\n<li>CAJAC ermittelt alle notwendigen Felder f\u00fcr die Platzhalter im Word-Dokument und h\u00e4lt sie zum Einf\u00fcgen in dem Dokument bereit. <\/li>\n<\/ul>\n\n\n\n<p>Jetzt kann wie gewohnt das Worddokument berarbeitet werden, Platzhalter k\u00f6nnen \u00fcber die Platzhalter-Funktion der CAJAC MS-Office Schnittstell eingef\u00fcgt und aktualisiert werden.<\/p>\n\n\n\n<p>Sind alle Eingaben in Word get\u00e4tigt <strong>MUSS<\/strong> das Word-Dokument \u00fcber die <strong>speziellen CAJAC-Speicher-Kn\u00f6pfe<\/strong> gespeichert werden:<\/p>\n\n\n\n<figure class=\"wp-block-image size-large\"><img loading=\"lazy\" decoding=\"async\" width=\"1024\" height=\"118\" src=\"\/wp-content\/uploads\/2025\/04\/grafik-3-1024x118.png\" alt=\"\" class=\"wp-image-66\" srcset=\"https:\/\/support.cajac.net\/wp-content\/uploads\/2025\/04\/grafik-3-1024x118.png 1024w, https:\/\/support.cajac.net\/wp-content\/uploads\/2025\/04\/grafik-3-300x34.png 300w, https:\/\/support.cajac.net\/wp-content\/uploads\/2025\/04\/grafik-3-768x88.png 768w, https:\/\/support.cajac.net\/wp-content\/uploads\/2025\/04\/grafik-3-421x48.png 421w, https:\/\/support.cajac.net\/wp-content\/uploads\/2025\/04\/grafik-3.png 1132w\" sizes=\"auto, (max-width: 1024px) 100vw, 1024px\" \/><\/figure>\n\n\n\n<h4 class=\"wp-block-heading\">Diese beiden Kn\u00f6pfe stellen sicher, dass die Word-Dokumente wieder in das CAJAC Archiv zur\u00fcck gespeichert werden!<\/h4>\n\n\n\n<p><strong>SICHERN SIE NIE \u00dcBER DIE STANDARD-SICHERUNG VON WORD<\/strong> (au\u00dfer Sie wissen, was Sie tun)! In diesem Fall wird lediglich die <strong>tempor\u00e4re Datei<\/strong> in einem <strong>tempor\u00e4ren Verzeichnis<\/strong> gesichert. Sobald Sie aus CAJAC das Dokument wieder \u00f6ffnen, wird dieses Dokument mit der urspr\u00fcnglichen <strong>Datei \u00fcberschrieben<\/strong> und im schlimmsten Fall, sind alle <strong>\u00c4nderungen<\/strong> in dem Word-Dokument <strong>verloren.<\/strong><\/p>\n\n\n\n<p><strong>Achtung:<\/strong> Schlie\u00dfen Sie alle Word-Dokumente <strong>bevor<\/strong> Sie CAJAC schlie\u00dfen! Andernfalls kann CAJAC das Dokument ebenfalls nicht zur\u00fcck in das Archiv sichern und im schlimmsten Fall sind ebenfalls alle \u00c4nderungen verloren. <\/p>\n\n\n\n<h2 class=\"wp-block-heading\">Probleme mit der Word-Schnittstelle<\/h2>\n\n\n\n<p>Das h\u00e4ufigste Problem ist das nicht geladene CAJAC Add-In: <strong>Der CAJAC Reiter fehlt<\/strong><\/p>\n\n\n\n<figure class=\"wp-block-image size-full\"><img loading=\"lazy\" decoding=\"async\" width=\"870\" height=\"33\" src=\"\/wp-content\/uploads\/2025\/04\/grafik-4.png\" alt=\"\" class=\"wp-image-67\" srcset=\"https:\/\/support.cajac.net\/wp-content\/uploads\/2025\/04\/grafik-4.png 870w, https:\/\/support.cajac.net\/wp-content\/uploads\/2025\/04\/grafik-4-300x11.png 300w, https:\/\/support.cajac.net\/wp-content\/uploads\/2025\/04\/grafik-4-768x29.png 768w, https:\/\/support.cajac.net\/wp-content\/uploads\/2025\/04\/grafik-4-421x16.png 421w\" sizes=\"auto, (max-width: 870px) 100vw, 870px\" \/><\/figure>\n\n\n\n<p>Oftmals liegt das an der nicht beachteten Regel, immer erst alle Word-Dokumente schlie\u00dfen und anschlie\u00dfend CAJAC beenden. In diesem Fall kann die Schnittstelle das Dokument nicht zur\u00fcckspeichern und bewirkt in Word einen Ausnahmefehler. Dies wiederum f\u00fchrt bei MS zu der Nachfrage, ob das Add-In deaktiviert werden soll und da Hinweise oftmals nicht genau gelesen werden, wird mit einem Best\u00e4tigen der Nachfrage die Schnittstelle deaktiviert.<\/p>\n\n\n\n<p>Und so k\u00f6nnen Sie das Add-In wieder aktivieren:<\/p>\n\n\n\n<p>W\u00e4hlen Sie wie oben beschrieben den Pfad \u00fcber <em><strong>Datei -&gt; Optionen -&gt; Add-Ins<\/strong><\/em><\/p>\n\n\n\n<p>Wahrscheinlich ist die CAJAC Officeschnittstelle nun nicht bei den aktiven Add-Ins aufgelistet, sondern bei den Deaktivierten Add-Ins:<\/p>\n\n\n\n<figure class=\"wp-block-image size-large\"><img loading=\"lazy\" decoding=\"async\" width=\"1024\" height=\"825\" src=\"\/wp-content\/uploads\/2025\/04\/grafik-6-1024x825.png\" alt=\"\" class=\"wp-image-77\" srcset=\"https:\/\/support.cajac.net\/wp-content\/uploads\/2025\/04\/grafik-6-1024x825.png 1024w, https:\/\/support.cajac.net\/wp-content\/uploads\/2025\/04\/grafik-6-300x242.png 300w, https:\/\/support.cajac.net\/wp-content\/uploads\/2025\/04\/grafik-6-768x619.png 768w, https:\/\/support.cajac.net\/wp-content\/uploads\/2025\/04\/grafik-6-372x300.png 372w, https:\/\/support.cajac.net\/wp-content\/uploads\/2025\/04\/grafik-6-310x250.png 310w, https:\/\/support.cajac.net\/wp-content\/uploads\/2025\/04\/grafik-6.png 1073w\" sizes=\"auto, (max-width: 1024px) 100vw, 1024px\" \/><\/figure>\n\n\n\n<p>Selektieren Sie die Deaktivierten Elemente und Dr\u00fccken &#8218;Los&#8230;&#8216; Anschlie\u00dfend selektieren Sie &#8218;CAJAC f\u00fcr Microsoft Office&#8216; und dr\u00fccken Aktivieren&#8216;. Anschlie\u00dfend selektieren Sie die COM-Add-Ins und setzen bei der CAJAC f\u00fcr Microsoft Office-Schnittstelle den Haken. <\/p>\n\n\n\n<p>=&gt; Jetzt sollte der Reiter f\u00fcr CAJAC bereits wieder angezeigt werden.<\/p>\n\n\n\n<p>Schlie\u00dfen Sie Word und \u00f6ffnen Sie das Dokument erneut =&gt; Die CAJAC-Schnittstelle sollte nun wieder einwandfrei funktionieren.<\/p>\n\n\n\n<p>Sollte der CAJAC-Reiter trotzdem nicht auftauchen, kann es an folgenden Punkten liegen:<\/p>\n\n\n\n<h6 class=\"wp-block-heading\">im Windows-Explorer ist die Vorschau-Ansicht aktiviert und \u00fcber das Anklicken eines Word-Dokuments wird im Hintergrund ein Word-Prozess gestartet, der vordergr\u00fcndig nicht sichtbar ist:<\/h6>\n\n\n\n<p>Problembehebung: \u00dcber den Taskmanager pr\u00fcfen Sie, ob ein Word-Prozess l\u00e4uft, obwohl Word als Programm nicht ge\u00f6ffnet ist, also in der Tastleiste kein offenes Worddokument angezeigt wird. <\/p>\n\n\n\n<p>Aufruf des Taskmanagers entweder \u00fcber Rechtsklick auf die Taskleiste oder Eingabe von Task-Manager in das Suchfeld<\/p>\n\n\n<div class=\"wp-block-image\">\n<figure class=\"aligncenter size-full is-resized\"><img loading=\"lazy\" decoding=\"async\" width=\"267\" height=\"50\" src=\"\/wp-content\/uploads\/2025\/04\/grafik-17.png\" alt=\"\" class=\"wp-image-109\" style=\"width:252px;height:auto\"\/><\/figure>\n<\/div>\n\n\n<p>Wird in der Prozessleiste der Word-Prozess angezeigt und es ist nachweislich kein Word-Dokument ge\u00f6ffnet, dann die Task mit der rechten Maustaste beenden.<\/p>\n\n\n<div class=\"wp-block-image\">\n<figure class=\"aligncenter size-large\"><img loading=\"lazy\" decoding=\"async\" width=\"1024\" height=\"234\" src=\"\/wp-content\/uploads\/2025\/04\/grafik-18-1024x234.png\" alt=\"\" class=\"wp-image-110\" srcset=\"https:\/\/support.cajac.net\/wp-content\/uploads\/2025\/04\/grafik-18-1024x234.png 1024w, https:\/\/support.cajac.net\/wp-content\/uploads\/2025\/04\/grafik-18-300x69.png 300w, https:\/\/support.cajac.net\/wp-content\/uploads\/2025\/04\/grafik-18-768x175.png 768w, https:\/\/support.cajac.net\/wp-content\/uploads\/2025\/04\/grafik-18-421x96.png 421w, https:\/\/support.cajac.net\/wp-content\/uploads\/2025\/04\/grafik-18.png 1296w\" sizes=\"auto, (max-width: 1024px) 100vw, 1024px\" \/><\/figure>\n<\/div>\n\n\n<p>Beim Neu\u00f6ffnen eines Worddokuments im CAJAC sollte der Reiter CAJAC jetzt wieder zur Verf\u00fcgung stehen.<\/p>\n\n\n\n<h6 class=\"wp-block-heading\">Windows hat die Schnittstelle in der Registry deaktivert<\/h6>\n\n\n\n<p>Dann m\u00fcssen Sie in der Taskleiste den Befehl regedit eingeben. <strong>(ACHTUNG: Hier keine Ver\u00e4nderungen vornehmen, die hier nicht explizit und genauso beschrieben sind!!! &#8211; Sie k\u00f6nnen sich sonst Ihr komplettes Windows-System zerst\u00f6ren!!!!)<\/strong><\/p>\n\n\n<div class=\"wp-block-image\">\n<figure class=\"aligncenter size-full is-resized\"><img loading=\"lazy\" decoding=\"async\" width=\"113\" height=\"36\" src=\"\/wp-content\/uploads\/2025\/04\/grafik-20.png\" alt=\"\" class=\"wp-image-112\" style=\"width:136px;height:auto\"\/><\/figure>\n<\/div>\n\n\n<p class=\"has-text-align-center\"><img decoding=\"async\" src=\"data:image\/png;base64,iVBORw0KGgoAAAANSUhEUgAAANAAAAAzCAYAAADmdIZYAAAMZUlEQVR4Xu2ceXRU1RnAv2yQkARIpNQQBJUghO3EgLI0ggpCSqsUoR6xIG01bT1CxSOWHlqhiHDgSFvqcjhWqWXTlmIiRGkJyyEsikKAyhZZSgiyaCEsiUDJ1vu95Bu\/d+e+mcnMm8wb5t5\/YOa9e+93v\/v97re8l4kqPFRZD7ppDWgN+KWBKA2QX3rTnbQGDA1ogLQhaA0EoAENUADK0121BjRA2ga0BgLQgAYoAOXprloDGiBtA1oDAWhAAxSA8nRXrYGQATRv5xmY1i8NoqL0JmgNhK8GQgLQ36sT4YogJ\/\/DEkNz3VLiYcHgzuGrRS15xGqg2QG6WB8NBbWtDIXX1NTCmnV7jf8vze0CKS1jI3Yj9MLDUwPNDtDbNUkmTeXPeQmg6wCAxBQoHNXNdi0uevFZWPvuW6ZxR457Ep6a8Ufb5pqZNxrOlB+DP6\/7zJYx31u8EP664AV4s2gf3HzLrbaM6ZRBDpZ8DNPGD3cTx9NaUb99BgyBMU9MAer\/\/O\/fhsEjx4Z8WSEFqGDuHKivq3MpYclzeZCabAYsUA0hQNg4MA9mJsOPp842NqQ529mTZZA3vPcNCYaveiQAxCtkvnYBDpCqE+7n\/OVF0KPvQJ\/HtOvGZgeoFsM14YXK9u6F3R8UutbRsV0qLJo00a51ucZRAYQn\/Gc7imHWmwW2z+dpQA0QuDyIBigA09te2wLmzZ5vGqHwdw2ewu5mBdBXp064vBIZNs0te6cta1fBy8\/9xCUahg\/4mYxABlK+H0\/HQ3s\/McIy3rA\/9cVQDUNNnDszq78R5nAjo7CO+vOQh07odSv\/IkLJ48ZpvHD6z2H8MzNMYQ4\/yWnNeC8PqeRQiofAaZ1ugxGP\/NR0+MghmbfQyhcPhHLu3rbBWCqG2ygrhXD4HXmcc1+eMu0LXuPy432yvumzSu\/+RCTN4oH2n7sC07eVQ+v4GHhrWBeIj4021nG9ugZ+8doSWDzliaCVs2WAuOGgy5c\/0waRIdCG8xCBNkYFkGwg+Bkbn4tvMoHBoZXHwHsQDsqxCFCanwyOy\/izEX18AgihoHFRV6gP8swkG81DcmXnDDPukT0qfj68b5fH3MQbQLgWbLIMXD9yyCZ\/Jrk4zPJaVHr35\/AOGkCfX7gGn1bWwbqj5+BS5VWzbKdLIXdgf8jr3R5axDTARG3hhRjYuOWg8TFalLpXP3SHP+ty9ZGLCNxg8Ca83j69sykf4h5FFX\/LBszvx2vL\/\/SisqCgCuFkOFAm2cjQQGTPwAFBGdGD8TzPV4A4dKp55dyCQ+YNBtXGqYoItCdW4+Fa0PORh\/AGkCrqQFm4TlR698fQbAWopr4eHi48DOIftzYqNws2vl8EVfHt3a6lxkXBkpF3AJYTljRW6egZEd78t5FdITHODJqvi+XKVJ1MPFzgY9Ipi0qfMvcNU4Kq8hA8p8I+GErJ4YwVQHI+xseXw0suI42vgtxXgDiYXD6cBwsecq4ih6ukPznslQ8uuu4JOjx8NhascMtN5fV5AwjvHzr6R26ekB+WduXBAQOEnub5rSdM0CQnxUO3jDTY9c8igLNHjD0fNe3XEBUdDdExMeLeeli\/+QBUfbJWPAz6n3Edc6AVNYlwHb55NSF\/\/ssACaIqF5cAbzyeCx3aNL1CJ59GqvBHpWwyVH8Awr7c8MlIAwHIU9IdSoBITxTWequGaYCkox+f69TV1UPR5v1w5ep1gDMCGAFNano6VJw65bqbA4RfXrl0Ef716quu6wgQf0Z0sHgzlG7darruq9fh96ncOQ8JrNw9jaEyTlU8bVXV4+GVPwChHN7KtCoZraCiUEgli\/ydal45R5F1zXMo1X55AsjqmvzYwZsH8jWEs6MSG7AH4kZfIB6KonfBFihA+S\/Nduk\/OSEe3pn2lD\/8GDkONp4fkBdCz1DxlXgnT1S8eLiF19t9O90I2\/i9mGdwz6IqIvC+OK+38EMVSsiGROEQ90L4Ha3JV8ixCkihlC8A4Rx7tm90K15QeItyYiWMHmh6O4xQH97yJjzc7vzOUNfaaO2eighyuGpVROCFGMeEcL4ClPvsVIhPaAnRIoyz8kD4PT4jqhEPV\/EhK7WCGc9AbGO\/plJktan87QE5sZULDbyEjNcwJ8IyMVWv5CICL3nLbz3w3ICXsfkzKZWRWeUUKki596RyMBognrhUDvYFIBqbl5Sx4EKPAGS9EVie9sjqTQR+gPHyM36PeZGqjE0PTvn+yOEyyaLa0\/DwQClpADdnwD2Ds4wcaEfJcRhxXy+ovlIpQrjXxGs8\/QEu\/xfG3TcIHuvezljvhn2fw+ETX0BFZSVc\/PoqLHhyXFO5Cer9VsluUCd1yOCqqqVDRAuJGAGHcBPXl0HO4B4QK8rRrhBOQJP93Vz4d\/5KqM0cLBZm\/puF2NgYGJR1C2zbsgfqWqW4LXxcRmt4rKcAz4FNFR44UMygiCSHs0GZJMwGDRggCuHOX6iC4k3izxNKReIv8iDMgeKTkmDADx8xVFL8USmcPyjevG6syuVOngyt2rQ1rlVWXYP1G\/cAHNgEoiIhng3FwnsvTHaEKuW3ClAob5UmRwhugxCqF3Gb8gqODSI4fgjbAMKVykUEDhBe54UBDhBeWz1\/HtRWVxsKcxJAjt9BLWBINaABCqn69eThroGgAZTSoQMkiBBtwJgxLh2ZPNAkEcK1bQjhtAcKdzOKXPkDBmjS7vPQIi4Gemd2bAjhYuLEm5P3QmrVCYgShYXLKRkw9J4e0CqhRUMI11iVy87uBpXXauGqePh6d\/btDSFcrfhjh8wh0PLsYVg1uSF30k1rwMkaCBgg03OgBX+Aevzr0tiWpjVHR0fBiHt7wfqlK6CmYx83fXTueBOc3L4B6irO6BzIydaiZXPTgL0ACQ80+je\/NSbZUXIMTpedFFW3YwC3ZrkmRpjuFx6peHspVB8VVbsLp41rMXFxuoigDTTsNBA0gAyI\/rHSKGPv3HMcTp6uaFBOmShlC2iwCsffhZMBevdXeRAbG2e8fKqb1oBTNdAsANHi5TK2FUBxInd6Z2qeePWn4dd7dNMacKoGAgaIFrZG\/FTV4jlz4QfTG0I47oF8BejRnH7w6BCRQzm84bthlRcrYMj3daHD4VsVdPFsA4gkxZex369rBfj7bxTCeQJobM5dMHFYTtAWukz8dejlinOm8YePnQhde\/f1e05PABUuWwT9hoyAtE63+z2+rx1xbZ26dNcg+6qwINxnO0CyjPgjiggTNgrhgg0NlwGNbNjo8SaDfn3mL6HXXTl+G54TADpT\/h\/YVbwOyo8egglTZkLrlJuCYB56SG8aCDpA3DOF4newVQChTAjRw+J34chTcE\/FPVTxByth\/85txjIIOg7Q5QvnYdnCWca18mOlJm\/39KxXjH7oldDQqdH31BflyBc\/HIKtU0YmPDjB+98+oVwdOneB0yeOQXLbVMA\/JaBGa6Yx8XuaE8HbULAcBtz\/PShatcS0Lm\/Goq+7a6DZAAqV8q0AIgPEUA4NPP22roYRklHjqf7lF2VQuvdTN4PmACGIHDg5hMN5sFG+hH0PlHwEE8RPTtFcHBouiyed4bwo49eVlwwgcDwOEIatBA3Oeer4EWMdCBCCxT0w6giBCiSsDdX+hnreiAYIT+6MnnfC6qWvmwyQ4MLN2bHpQ9M1\/I4AQgAIPNpIGSA0dDJkbuCjHn\/a+Ijei4dgFJqhseM8H69f4+a5juwrMYEtHxIqIEgOAojLhOOhJ9NFkabjGNEAYQiU1CbFFT5x9ZFXISNundrOBZLqOxVACJgMpwFNY16WmNzGAIgbM4VY3KPI24qQds+62+Ux5JzMKu+z8lgykE03o8jtEZEAUeiEhmtl5LJJ8DCIDBbvwf48Z\/HHA8neQBU2kjwku8pkaRwZIL5eFaC6LO\/\/ARBxAJEx8bzFlxxADq3oORACgxUwCn9k76DKgSgfIVkGPvCQqwjgTRYrY+fz4hhtU7\/lApvLQCEcX79cUPHfnCKvZ0QAJD8HknMS3HY0It7wHjkHoVxFNmLsSyEehkNU3VJV4XgoyAGiXIfDpDJHK2PHeSlfQ4B69h3kyp94kYI8ED4\/oupioM\/FIg+bb1Z8wwPk5M3loZWdclpVHnEOX3IsO2W50cfSAIVwhzVAIVS+TVNrgGxSpD\/DaID80Zqz+miAnLUfWpow04AGKMw2TIvrLA1ogJy1H1qaMNOABijMNkyL6ywNaICctR9amjDTwP8BxgqfbxeIEpwAAAAASUVORK5CYII=\" alt=\"\"><\/p>\n\n\n\n<p>Auf einem lokalen PC finden Sie die Einstellung unter folgenden Registry-Verzeichnis: <\/p>\n\n\n\n<p>HKEY_LOCAL_MACHINE\\SOFTWARE\\WOW6432Node\\Microsoft\\Office\\Word\\Addins\\cajmso.Connect<\/p>\n\n\n\n<p>Falls Sie diesen Eintrag nicht finden, dann k\u00f6nnen Sie auch die Registry nach folgenden Schl\u00fcssel durchsuchen: &#8218;cajmso.connect&#8216;<\/p>\n\n\n<div class=\"wp-block-image\">\n<figure class=\"aligncenter size-full is-resized\"><img loading=\"lazy\" decoding=\"async\" width=\"558\" height=\"107\" src=\"\/wp-content\/uploads\/2025\/04\/grafik-21.png\" alt=\"\" class=\"wp-image-113\" style=\"width:469px;height:auto\" srcset=\"https:\/\/support.cajac.net\/wp-content\/uploads\/2025\/04\/grafik-21.png 558w, https:\/\/support.cajac.net\/wp-content\/uploads\/2025\/04\/grafik-21-300x58.png 300w, https:\/\/support.cajac.net\/wp-content\/uploads\/2025\/04\/grafik-21-421x81.png 421w\" sizes=\"auto, (max-width: 558px) 100vw, 558px\" \/><\/figure>\n<\/div>\n\n\n<p>Hier muss das LoadBehavior auf &#8218;3&#8216; stehen. Falls nicht, mit Doppelklick oder rechter Maustaste -> \u00c4ndern eine &#8218;3&#8216; eintragen..<\/p>\n\n\n\n<h2 class=\"wp-block-heading\">Die CAJAC-MS-Office-Schnittstelle unterst\u00fctzt bis einschlie\u00dflich Version 4.0 ausschlie\u00dflich Microsoft Office in der 32-Bit-Version. Die Nutzung mit einer 64-Bit-Version von Microsoft Office ist erst ab der Schnittstellenversion 4.2 m\u00f6glich.<\/h2>\n\n\n\n<p>Die Version der CAJAC MS-Office-Schnittstelle k\u00f6nnen Sie in einem ge\u00f6ffneten Word auf dem Reiter CAJAC <\/p>\n","protected":false},"excerpt":{"rendered":"<p>Das cajmso-Add-In bzw. die CAJAC MS Office-Schnittstelle bedient MS Word oder MS Excel mit den Datenbank-Feldern aus CAJAC. Dar\u00fcber lassen sich die Serienbriefe erstellen und &hellip;<\/p>\n","protected":false},"author":2,"featured_media":0,"parent":0,"menu_order":0,"comment_status":"closed","ping_status":"closed","template":"","meta":{"footnotes":""},"class_list":["post-50","page","type-page","status-publish","hentry"],"_links":{"self":[{"href":"https:\/\/support.cajac.net\/index.php?rest_route=\/wp\/v2\/pages\/50","targetHints":{"allow":["GET"]}}],"collection":[{"href":"https:\/\/support.cajac.net\/index.php?rest_route=\/wp\/v2\/pages"}],"about":[{"href":"https:\/\/support.cajac.net\/index.php?rest_route=\/wp\/v2\/types\/page"}],"author":[{"embeddable":true,"href":"https:\/\/support.cajac.net\/index.php?rest_route=\/wp\/v2\/users\/2"}],"replies":[{"embeddable":true,"href":"https:\/\/support.cajac.net\/index.php?rest_route=%2Fwp%2Fv2%2Fcomments&post=50"}],"version-history":[{"count":20,"href":"https:\/\/support.cajac.net\/index.php?rest_route=\/wp\/v2\/pages\/50\/revisions"}],"predecessor-version":[{"id":120,"href":"https:\/\/support.cajac.net\/index.php?rest_route=\/wp\/v2\/pages\/50\/revisions\/120"}],"wp:attachment":[{"href":"https:\/\/support.cajac.net\/index.php?rest_route=%2Fwp%2Fv2%2Fmedia&parent=50"}],"curies":[{"name":"wp","href":"https:\/\/api.w.org\/{rel}","templated":true}]}}