{"id":43,"date":"2025-04-02T12:10:23","date_gmt":"2025-04-02T12:10:23","guid":{"rendered":"https:\/\/support.cajac.net\/?page_id=43"},"modified":"2025-11-24T10:57:48","modified_gmt":"2025-11-24T10:57:48","slug":"aktualisieren-ordnerstruktur","status":"publish","type":"page","link":"https:\/\/support.cajac.net\/?page_id=43","title":{"rendered":"Aktualisieren Ordnerstruktur &#8211; neues Wirtschaftsjahr anlegen"},"content":{"rendered":"\n<p><strong>Es gibt mehrere Anl\u00e4\u00dfe, die Ordnerstruktur eines Objekts zu aktualisieren:<\/strong><\/p>\n\n\n\n<h4 class=\"wp-block-heading\">Neue Ordner bei Eigent\u00fcmer-\/Mieter-Wechsel<\/h4>\n\n\n\n<p>Meistens erfolgt die Aktualisierung der Ordnerstruktur automatisch beim regelm\u00e4\u00dfigen Datenaustausch der Objektinformationen &#8211; wenn n\u00e4mlich ein Eigent\u00fcmer- oder Mieterwechsel stattgefunden hat:<\/p>\n\n\n\n<p>Dann werden f\u00fcr den neuen Eigent\u00fcmer\/Mieter auch neue Eigent\u00fcmer-\/Mieterordner angelegt. D.h. unter der Wohnung wird der Eigent\u00fcmer\/Mieter neu eingetragen und CAJAC legt basierend auf diese neuen Wohnungsinformation in den verschiedenen Stellen der Ordnerstruktur f\u00fcr die Eigent\u00fcmer\/Mieter auch neue Ordner an: z.B. Schriftverkehr oder Abrechnungsordner (Jahresabrechnung, Wirtschaftsplan, HK-Abrechnungen, NK-Abrechnungsordner). <\/p>\n\n\n\n<h4 class=\"wp-block-heading\">Anpassung Ordnervorlage<\/h4>\n\n\n\n<p>Manchmal ergibt sich in der t\u00e4glichen Arbeit die Notwendigkeit die Ordnerstruktur zu erweitern oder anzupassen. Dazu \u00e4ndert man sinnvollerweise zun\u00e4chst die Ordnervorlage und aktualisiert dann alle Objekte mit der neuen Ordnerstruktur. (Details \u00fcber das Anlegen bzw. \u00c4ndern  der Vorlagen f\u00fcr Ordnerstrukturen finden Sie <strong>hier<\/strong>)<\/p>\n\n\n\n<h4 class=\"wp-block-heading\">Aktualisieren der Wirtschaftsjahrabh\u00e4ngigen Ordner <\/h4>\n\n\n\n<p>F\u00fcr die Abrechnungsdokumente und den Schriftverkehr ist es zu empfehlen (bei der Nutzung des CAJAC Webportals und diverser WEG-Funktionalit\u00e4ten ist es f\u00fcr die Abrechnungsdokumente zwingend notwendig), Wirtschaftsjahrabh\u00e4ngige Ordner anzulegen. Erkennbar sind diese Ordner an dem angef\u00fcgten Wirtschafsjahr (z.B. 01.01.2025 oder bei unterj\u00e4hrig abgerechneten Wirtschaftseinheiten z.B. 01.07.2025)<\/p>\n\n\n\n<p>Dies m\u00fcssen jedes Jahr manuell aktualisiert werden. Dies kann zu jeden beliebigen Zeitpunkt angesto\u00dfen werden. <\/p>\n\n\n\n<hr class=\"wp-block-separator has-alpha-channel-opacity\"\/>\n\n\n\n<h2 class=\"wp-block-heading\">Und wie geht das?<\/h2>\n\n\n\n<p>Ansto\u00df der Aktualisierung bei einem ausgew\u00e4hlten Objekt:<\/p>\n\n\n<div class=\"wp-block-image\">\n<figure class=\"aligncenter size-full\"><img loading=\"lazy\" decoding=\"async\" width=\"576\" height=\"785\" src=\"\/wp-content\/uploads\/2025\/04\/grafik-7.png\" alt=\"\" class=\"wp-image-80\" srcset=\"https:\/\/support.cajac.net\/wp-content\/uploads\/2025\/04\/grafik-7.png 576w, https:\/\/support.cajac.net\/wp-content\/uploads\/2025\/04\/grafik-7-220x300.png 220w\" sizes=\"auto, (max-width: 576px) 100vw, 576px\" \/><\/figure>\n<\/div>\n\n\n<p>Sie m\u00f6chten mehrere Objekte auf einmal aktualisieren?<\/p>\n\n\n\n<p>Dann suchen Sie sich \u00fcber die Suchfunktion Ihre Objekte <\/p>\n\n\n\n<figure class=\"wp-block-image size-large\"><img loading=\"lazy\" decoding=\"async\" width=\"1024\" height=\"111\" src=\"\/wp-content\/uploads\/2025\/04\/grafik-8-1024x111.png\" alt=\"\" class=\"wp-image-81\" srcset=\"https:\/\/support.cajac.net\/wp-content\/uploads\/2025\/04\/grafik-8-1024x111.png 1024w, https:\/\/support.cajac.net\/wp-content\/uploads\/2025\/04\/grafik-8-300x33.png 300w, https:\/\/support.cajac.net\/wp-content\/uploads\/2025\/04\/grafik-8-768x83.png 768w, https:\/\/support.cajac.net\/wp-content\/uploads\/2025\/04\/grafik-8-421x46.png 421w, https:\/\/support.cajac.net\/wp-content\/uploads\/2025\/04\/grafik-8.png 1160w\" sizes=\"auto, (max-width: 1024px) 100vw, 1024px\" \/><\/figure>\n\n\n\n<p>Im folgenden Fenster k\u00f6nnen Sie Ihre Suchkriterien eingeben oder einfach mit &#8218;Suchen&#8216; Best\u00e4tigen:<\/p>\n\n\n<div class=\"wp-block-image\">\n<figure class=\"aligncenter size-full\"><img loading=\"lazy\" decoding=\"async\" width=\"886\" height=\"633\" src=\"\/wp-content\/uploads\/2025\/04\/grafik-9.png\" alt=\"\" class=\"wp-image-82\" srcset=\"https:\/\/support.cajac.net\/wp-content\/uploads\/2025\/04\/grafik-9.png 886w, https:\/\/support.cajac.net\/wp-content\/uploads\/2025\/04\/grafik-9-300x214.png 300w, https:\/\/support.cajac.net\/wp-content\/uploads\/2025\/04\/grafik-9-768x549.png 768w, https:\/\/support.cajac.net\/wp-content\/uploads\/2025\/04\/grafik-9-421x300.png 421w\" sizes=\"auto, (max-width: 886px) 100vw, 886px\" \/><\/figure>\n<\/div>\n\n\n<p>Sie erhalten nun die Liste der gefunden Objekte und k\u00f6nnen beliebig viele Objekte selektieren:<\/p>\n\n\n<div class=\"wp-block-image\">\n<figure class=\"aligncenter size-large\"><img loading=\"lazy\" decoding=\"async\" width=\"1024\" height=\"288\" src=\"\/wp-content\/uploads\/2025\/04\/grafik-10-1024x288.png\" alt=\"\" class=\"wp-image-83\" srcset=\"https:\/\/support.cajac.net\/wp-content\/uploads\/2025\/04\/grafik-10-1024x288.png 1024w, https:\/\/support.cajac.net\/wp-content\/uploads\/2025\/04\/grafik-10-300x84.png 300w, https:\/\/support.cajac.net\/wp-content\/uploads\/2025\/04\/grafik-10-768x216.png 768w, https:\/\/support.cajac.net\/wp-content\/uploads\/2025\/04\/grafik-10-1536x431.png 1536w, https:\/\/support.cajac.net\/wp-content\/uploads\/2025\/04\/grafik-10-421x118.png 421w, https:\/\/support.cajac.net\/wp-content\/uploads\/2025\/04\/grafik-10.png 1909w\" sizes=\"auto, (max-width: 1024px) 100vw, 1024px\" \/><\/figure>\n<\/div>\n\n\n<p>Im Folgefenster m\u00fcssen Sie noch das Wirtschaftsjahr best\u00e4tigen und die Ordnervorlagen der ausgew\u00e4hlten Objekte werden aktualisiert.<\/p>\n\n\n<div class=\"wp-block-image\">\n<figure class=\"aligncenter size-full is-resized\"><img loading=\"lazy\" decoding=\"async\" width=\"328\" height=\"139\" src=\"\/wp-content\/uploads\/2025\/04\/grafik-11.png\" alt=\"\" class=\"wp-image-84\" style=\"width:370px;height:auto\" srcset=\"https:\/\/support.cajac.net\/wp-content\/uploads\/2025\/04\/grafik-11.png 328w, https:\/\/support.cajac.net\/wp-content\/uploads\/2025\/04\/grafik-11-300x127.png 300w\" sizes=\"auto, (max-width: 328px) 100vw, 328px\" \/><\/figure>\n<\/div>\n\n\n<p>Je nach Anzahl der ausgew\u00e4hlten Objekte kann die Aktualisierung l\u00e4ngere Zeit in Anspruch nehmen.<\/p>\n\n\n\n<h4 class=\"wp-block-heading\">Konfigurieren einer Ordnervorlage bei neuen Objekten<\/h4>\n\n\n\n<p>Beachten Sie: Bei neuen Objekten muss zun\u00e4chst das Feld &#8218;Wirtschaftsjahrbeginn&#8216; gepflegt werden (in der Regel 01.01. ausser bei abweichenden Wirtschaftszeitr\u00e4umen) und anschlie\u00dfend eine Ordnervorlage auf das Objekt konfiguriert werden:<\/p>\n\n\n<div class=\"wp-block-image\">\n<figure class=\"aligncenter size-large\"><img loading=\"lazy\" decoding=\"async\" width=\"1024\" height=\"717\" src=\"\/wp-content\/uploads\/2025\/04\/grafik-12-1024x717.png\" alt=\"\" class=\"wp-image-86\" srcset=\"https:\/\/support.cajac.net\/wp-content\/uploads\/2025\/04\/grafik-12-1024x717.png 1024w, https:\/\/support.cajac.net\/wp-content\/uploads\/2025\/04\/grafik-12-300x210.png 300w, https:\/\/support.cajac.net\/wp-content\/uploads\/2025\/04\/grafik-12-768x538.png 768w, https:\/\/support.cajac.net\/wp-content\/uploads\/2025\/04\/grafik-12-421x295.png 421w, https:\/\/support.cajac.net\/wp-content\/uploads\/2025\/04\/grafik-12.png 1300w\" sizes=\"auto, (max-width: 1024px) 100vw, 1024px\" \/><\/figure>\n<\/div>\n\n<div class=\"wp-block-image\">\n<figure class=\"aligncenter size-full\"><img loading=\"lazy\" decoding=\"async\" width=\"525\" height=\"301\" src=\"\/wp-content\/uploads\/2025\/04\/grafik-13.png\" alt=\"\" class=\"wp-image-87\" srcset=\"https:\/\/support.cajac.net\/wp-content\/uploads\/2025\/04\/grafik-13.png 525w, https:\/\/support.cajac.net\/wp-content\/uploads\/2025\/04\/grafik-13-300x172.png 300w, https:\/\/support.cajac.net\/wp-content\/uploads\/2025\/04\/grafik-13-421x241.png 421w\" sizes=\"auto, (max-width: 525px) 100vw, 525px\" \/><\/figure>\n<\/div>\n\n\n<p>Im folgenden Felder folgende Daten eingeben bzw. ausw\u00e4hlen:<\/p>\n\n\n<div class=\"wp-block-image\">\n<figure class=\"aligncenter size-full\"><img loading=\"lazy\" decoding=\"async\" width=\"536\" height=\"499\" src=\"\/wp-content\/uploads\/2025\/04\/grafik-14.png\" alt=\"\" class=\"wp-image-88\" srcset=\"https:\/\/support.cajac.net\/wp-content\/uploads\/2025\/04\/grafik-14.png 536w, https:\/\/support.cajac.net\/wp-content\/uploads\/2025\/04\/grafik-14-300x279.png 300w, https:\/\/support.cajac.net\/wp-content\/uploads\/2025\/04\/grafik-14-322x300.png 322w\" sizes=\"auto, (max-width: 536px) 100vw, 536px\" \/><\/figure>\n<\/div>\n\n\n<ul class=\"wp-block-list\">\n<li>Auswahl der entsprechenden Ordnervorlage (Beispielsweise k\u00f6nnten f\u00fcr Mietobjekte andere Ordnervorlagen gew\u00e4hlt werden, als f\u00fcr WEG-Objekte) \u00fcber den Pfeil nach rechts (hier AblageOrdner_WEG)<\/li>\n\n\n\n<li>Haken f\u00fcr &#8218;Ordner sofort anlegen&#8216; setzen<\/li>\n\n\n\n<li>gew\u00fcnschtes Wirtschaftsjahr<\/li>\n<\/ul>\n\n\n\n<p>mit OK best\u00e4tigen.<\/p>\n","protected":false},"excerpt":{"rendered":"<p>Es gibt mehrere Anl\u00e4\u00dfe, die Ordnerstruktur eines Objekts zu aktualisieren: Neue Ordner bei Eigent\u00fcmer-\/Mieter-Wechsel Meistens erfolgt die Aktualisierung der Ordnerstruktur automatisch beim regelm\u00e4\u00dfigen Datenaustausch der &hellip;<\/p>\n","protected":false},"author":2,"featured_media":0,"parent":0,"menu_order":0,"comment_status":"closed","ping_status":"closed","template":"","meta":{"footnotes":""},"class_list":["post-43","page","type-page","status-publish","hentry"],"_links":{"self":[{"href":"https:\/\/support.cajac.net\/index.php?rest_route=\/wp\/v2\/pages\/43","targetHints":{"allow":["GET"]}}],"collection":[{"href":"https:\/\/support.cajac.net\/index.php?rest_route=\/wp\/v2\/pages"}],"about":[{"href":"https:\/\/support.cajac.net\/index.php?rest_route=\/wp\/v2\/types\/page"}],"author":[{"embeddable":true,"href":"https:\/\/support.cajac.net\/index.php?rest_route=\/wp\/v2\/users\/2"}],"replies":[{"embeddable":true,"href":"https:\/\/support.cajac.net\/index.php?rest_route=%2Fwp%2Fv2%2Fcomments&post=43"}],"version-history":[{"count":8,"href":"https:\/\/support.cajac.net\/index.php?rest_route=\/wp\/v2\/pages\/43\/revisions"}],"predecessor-version":[{"id":303,"href":"https:\/\/support.cajac.net\/index.php?rest_route=\/wp\/v2\/pages\/43\/revisions\/303"}],"wp:attachment":[{"href":"https:\/\/support.cajac.net\/index.php?rest_route=%2Fwp%2Fv2%2Fmedia&parent=43"}],"curies":[{"name":"wp","href":"https:\/\/api.w.org\/{rel}","templated":true}]}}