{"id":304,"date":"2025-11-25T13:14:31","date_gmt":"2025-11-25T13:14:31","guid":{"rendered":"https:\/\/support.cajac.net\/?page_id=304"},"modified":"2025-11-25T13:25:46","modified_gmt":"2025-11-25T13:25:46","slug":"benutzer-anlegen-oder-verwalten","status":"publish","type":"page","link":"https:\/\/support.cajac.net\/?page_id=304","title":{"rendered":"Benutzer anlegen oder verwalten"},"content":{"rendered":"\n<h2 class=\"wp-block-heading\">Benutzer anlegen oder verwalten<\/h2>\n\n\n\n<p>Einen Benutzer im CAJAC anzulegen ist zwar einfach, aber viele Konfigurationen h\u00e4ngen vom jeweiligen T\u00e4tigkeitsfeld bzw. Verantwortungsbereich des Benutzers ab und sollten deshalb genauer bedacht sein. <\/p>\n\n\n\n<h5 class=\"wp-block-heading\"><strong>ACHTUNG: Benutzer d\u00fcrfen &#8211; sobald sie einmal in Verwendung waren &#8211; NICHT MEHR GEL\u00d6SCHT WERDEN, da es sonst zu Inkonsistenzen zu der Historien-Funktion von CAJAC kommen kann.<\/strong><\/h5>\n\n\n\n<p>Anlegen und der Verwalten von Benutzerst\u00e4mmen sollten daher nur Administratoren und entsprechend ausgebildete Mitarbeiter. (siehe auch unsere dazu angebotenes <a href=\"https:\/\/www.cajac-solutions.de\/seminare\/\">WebSeminar Benutzer und Rechteverwaltung<\/a>)<\/p>\n\n\n\n<p>Pfad zur Benutzerverwaltung: <em>Admin -&gt; Benutzer und Rechte -&gt; Benutzer<\/em><\/p>\n\n\n<div class=\"wp-block-image\">\n<figure class=\"aligncenter size-full\"><img loading=\"lazy\" decoding=\"async\" width=\"523\" height=\"211\" src=\"\/wp-content\/uploads\/2025\/11\/grafik.png\" alt=\"\" class=\"wp-image-306\" srcset=\"https:\/\/support.cajac.net\/wp-content\/uploads\/2025\/11\/grafik.png 523w, https:\/\/support.cajac.net\/wp-content\/uploads\/2025\/11\/grafik-300x121.png 300w, https:\/\/support.cajac.net\/wp-content\/uploads\/2025\/11\/grafik-421x170.png 421w\" sizes=\"auto, (max-width: 523px) 100vw, 523px\" \/><figcaption class=\"wp-element-caption\">Pfad zum Verwalten von Benutzer-Stamms\u00e4tzen<\/figcaption><\/figure>\n<\/div>\n\n\n<p>Es \u00f6ffnet sich ein neuer Tabreiter zur Benutzerverwaltung:<\/p>\n\n\n<div class=\"wp-block-image\">\n<figure class=\"aligncenter size-full\"><img loading=\"lazy\" decoding=\"async\" width=\"974\" height=\"634\" src=\"\/wp-content\/uploads\/2025\/11\/grafik-2.png\" alt=\"\" class=\"wp-image-309\" srcset=\"https:\/\/support.cajac.net\/wp-content\/uploads\/2025\/11\/grafik-2.png 974w, https:\/\/support.cajac.net\/wp-content\/uploads\/2025\/11\/grafik-2-300x195.png 300w, https:\/\/support.cajac.net\/wp-content\/uploads\/2025\/11\/grafik-2-768x500.png 768w, https:\/\/support.cajac.net\/wp-content\/uploads\/2025\/11\/grafik-2-421x274.png 421w\" sizes=\"auto, (max-width: 974px) 100vw, 974px\" \/><figcaption class=\"wp-element-caption\">Benutzerverwaltung<\/figcaption><\/figure>\n<\/div>\n\n\n<figure class=\"wp-block-table alignfull\"><table><tbody><tr><td><strong>Feld<\/strong><\/td><td>Beschreibung<\/td><td><\/td><\/tr><tr><td><strong>CAJAC-Login<\/strong><\/td><td>Generell ist der Login frei w\u00e4hlbar. Es empfiehlt sich allerdings keinen zu langen Login zu w\u00e4hlen Bitte auf Buchstaben (keine Umlaute) und Zahlen beschr\u00e4nken. Standardm\u00e4\u00dfig empfiehlt CAJAC 3-stellige Logins, die auch sp\u00e4ter f\u00fcr die Barcode-Funktion verwendet werden k\u00f6nnen. Es k\u00f6nnen aber auch vollstaendige Namen verwendet werden.<\/td><td><strong>Muss<\/strong><\/td><\/tr><tr><td>Windows-Login<\/td><td>obsolet seit Version CAJAC 7.0<\/td><td>obsolet<\/td><\/tr><tr><td><strong>Kurzzeichen<\/strong><\/td><td>Wichtig f\u00fcr die Zuordnung \u00fcber die Barcode-Funktion und Verwendung in Schriftst\u00fccken als Benutzerk\u00fcrzel<\/td><td><strong>Muss<\/strong><\/td><\/tr><tr><td><strong>Inaktiv<\/strong><\/td><td>Da Benutzer wie oben erw\u00e4hnt NICHT gel\u00f6scht werden sollten, k\u00f6nnen sie hier inaktiv=Ja gesetzt werden. Das bedeutet, dass die Benutzer in den meisten Oberfl\u00e4chen-Funktionen nicht mehr angezeigt werden und ihnen beispielsweise auch keine Nachrichten mehr geschickt werden k\u00f6nnen. <br>F\u00fcr verschiedene Funktionen kann es notwendig werden z.B. f\u00fcr die <strong>Terminplanung<\/strong> sogenannte &#8218;Dummy-Benutzer&#8216; anzulegen (Firmenfahrzeuge, Besprechungsr\u00e4ume, etc.). Hier sollte das Feld leer bleiben.<\/td><td>optional<\/td><\/tr><tr><td><strong>Rolle<\/strong><\/td><td>\u00dcber die Rolle werden Berechtigungen zusammengefasst: Im CAJAC-Standardumfang werden bereits die verschiedenen Funktionsbereiche in Rollen bereitgestellt. Dabei hat beispielsweise die Gesch\u00e4ftsleitung umfangreichere Berechtigungen als ein Mitarbeiter oder auch ein Mitarbeiter mit erweiterten Berechtigungen. Einen genaueren \u00dcberblick bietet Ihnen auch hier unser Seminar zur Rechteverwaltung.<\/td><td><strong>Muss<\/strong><\/td><\/tr><tr><td><strong>Profil<\/strong><\/td><td>CAJAC stellt drei m\u00f6gliche Profile zur Verf\u00fcgung, wobei f\u00fcr den Anwendungsbereich lediglich das Profil &#8218;user&#8216; und &#8218;admin&#8216; zu verwenden sind. Verf\u00fcgt ein Benutzer \u00fcber das Profil &#8218;admin&#8216; wird<br>=&gt; im Men\u00fc der Eintrag &#8218;Admin&#8216; eingeblendet<br>=&gt; in verschiedenen Men\u00fcs stehen zus\u00e4tzliche Admin-Funktionen zur Verf\u00fcgung<\/td><td><strong>Muss<\/strong><\/td><\/tr><tr><td><strong>Vorname, Nachname<\/strong> <\/td><td>Diese Felder werden in den verschieden benutzerabh\u00e4ngigen Anzeigen (z.B. Aufgabenbaum nach Bearbeiter, Kalender) herangezogen<\/td><td><strong>Muss<\/strong><\/td><\/tr><tr><td>Anschrift, Postleitzahl, Geburtsdatum, Stadt, Land<\/td><td>optionale Felder, k\u00f6nnen &#8211; falls bef\u00fcllt &#8211; f\u00fcr Platzhalterzwecke verwendet werden<\/td><td>optional<\/td><\/tr><tr><td><strong>Telefon, Telefax, Mobil,<br>E-Mail, Privat<\/strong><\/td><td>optionale Felder wobei diese Felder meistens in den Briefvorlagen bzw. E-Mail-Signaturen als Platzhalter verwendet werden. Die Felder haben KEINE technische Funktionalit\u00e4t sondern dienen lediglich der Anzeige in Mails und (Serien-)Briefen. Daher k\u00f6nnen hier die Telefonnummern und auch die E-Mail auch mit Leerstellen und Schr\u00e4g- oder Bindestrichen eingegeben werden<\/td><td>optional<\/td><\/tr><tr><td>Opti-q Inspector<\/td><td>derzeit ohne Funktion<\/td><td>leer<\/td><\/tr><tr><td>Opti-q E-Mail<\/td><td>derzeit ohne Funktion<\/td><td>leer<\/td><\/tr><tr><td><strong>TAPI-Name<\/strong><\/td><td>Anbindung an die Telefonie =&gt; entspricht i.d.R. dem CAJAC-Login<\/td><td>optional<\/td><\/tr><tr><td><strong>Durchwahl<\/strong><\/td><td>interner Telefon-Anschluss des Benutzers und f\u00fchrt zur <strong>Anzeige im Telefonmonitor<\/strong><\/td><td>muss<\/td><\/tr><tr><td>Fax<\/td><td>obsolet<\/td><td>leer<\/td><\/tr><tr><td>Arbeitsplatz <\/td><td>wird automatisch beim Anmelden des Benutzers gef\u00fcllt. Keine Eingabe erforderlich<\/td><td>automatisch<\/td><\/tr><tr><td>mobiles Ger\u00e4t<\/td><td>derzeit ohne Funktion<\/td><td>leer<\/td><\/tr><tr><td>bevorzugtes Hauptlager<\/td><td>derzeit ohne Funktion<\/td><td>leer<\/td><\/tr><tr><td><strong>Sortierung<\/strong><\/td><td>Sortierung der Benutzer in der Kalenderansicht<\/td><td>optional<\/td><\/tr><tr><td><strong>Kalender<\/strong><\/td><td>Wenn dieser Haken gesetzt ist, wird der Benutzer im Kalender angezeigt (wichtig bei den bereits erw\u00e4hnten &#8218;Dummy-Benutzern&#8216;<\/td><td>optional<\/td><\/tr><tr><td><strong>Vollzugriff<\/strong><\/td><td><strong>ACHTUNG: <\/strong>Dieser Haken \u00fcberschreibt die Zugriffsberechtigungen auf Datenobjekt-Ebene:<br>Alle Datenobjekte (Dokumente, T\u00e4tigkeiten, Objekte, Ablageordner, etc.) besitzen eine <a href=\"https:\/\/de.wikipedia.org\/wiki\/Access_Control_List\">Access Control List<\/a> (ACL), die die Zugriffsberechtigung steuert. Standardm\u00e4\u00dfig ist diese auf Vollzugriff f\u00fcr alle gesetzt. In Ausnahmef\u00e4llen (z.B. Personalunterlagen) kann es notwendig sein, diese ACL auf bestimmte Benutzer zu beschr\u00e4nken. Verf\u00fcgt ein Benutzer jedoch \u00fcber &#8218;Vollzugriff&#8216; kann er auf diese Datenobjekte trotzdem zugreifen, auch wenn er basierend auf die ACL nicht die Berechtigung dazu hat.<\/td><td>Achtung!<\/td><\/tr><tr><td><strong>Wiedervorlage<\/strong><\/td><td>Listet den Benutzer in der Bearbeiterzuordnungsliste auf. Handelt es sich um einen sog. &#8218;Dummy-User&#8216; ist es beispielsweise nicht notwendig diesen Haken zu setzen.<\/td><td>optional<\/td><\/tr><tr><td><strong>Zeichnungsberechtigt<\/strong><\/td><td>Verwendung in der CAJAC-Office-Schnittstelle in Word-Serienbriefen: Hier wird bei dem Einf\u00fcgen der Unterschrift gepr\u00fcft, ob der Benutzer Zeichnungsberechtigt ist oder nicht.<\/td><td>optional<\/td><\/tr><tr><td><strong>Bemerkung<\/strong><\/td><td>rein optionales Feld. Wird h\u00e4ufig f\u00fcr Signaturen f\u00fcr zus\u00e4tzliche Funktionen auszuweisen (Objektbetreuung, Buchhaltung, Auszubildende(r), etc.) <\/td><td>optional<\/td><\/tr><tr><td><strong>Unterschriftsprefix<\/strong><\/td><td>Verwendung in Signaturen (z.B. &#8218;i.A.&#8216;, &#8218;i.V.&#8216;)<\/td><td>optional<\/td><\/tr><tr><td>zugeh\u00f6rige Adresse<\/td><td>Zuordnung einer Person\/Adresse =&gt; wichtig f\u00fcr die Verwendung des Benutzers f\u00fcr die Zuordnung zu Objekten in seiner Funktion (z.B. &#8218;Objektbetreuung&#8216;, &#8218;Buchhaltung&#8216;, etc.). Dazu ist es zwingend notwendig, dass es im CAJAC eine Adresse gibt. <br>Die Adresse kann automatisch generiert werden und wird dann in das Feld eingetragen.  <\/td><td>autoatisch<\/td><\/tr><\/tbody><\/table><\/figure>\n\n\n\n<h6 class=\"wp-block-heading\">Weitere Funktionen beim Anlegen von Benutzern<\/h6>\n\n\n<div class=\"wp-block-image\">\n<figure class=\"aligncenter size-full\"><img loading=\"lazy\" decoding=\"async\" width=\"340\" height=\"539\" src=\"\/wp-content\/uploads\/2025\/11\/grafik-3.png\" alt=\"\" class=\"wp-image-323\" srcset=\"https:\/\/support.cajac.net\/wp-content\/uploads\/2025\/11\/grafik-3.png 340w, https:\/\/support.cajac.net\/wp-content\/uploads\/2025\/11\/grafik-3-189x300.png 189w\" sizes=\"auto, (max-width: 340px) 100vw, 340px\" \/><figcaption class=\"wp-element-caption\">zus\u00e4tzliche Funktionen in der initialien Benutzerverwaltung<\/figcaption><\/figure>\n<\/div>\n\n\n<h6 class=\"wp-block-heading\">Setzen eines Passworts f\u00fcr den Benutzer<\/h6>\n\n\n\n<p>Nachdem die Daten erfasst wurden muss f\u00fcr den Benutzer noch ein Passwort vergeben werden: \u00fcber das Men\u00fc &#8218;<em>Extras<\/em>&#8218; -&gt; &#8218;<em>Passwort zur\u00fccksetzen<\/em>&#8218; kann ein initiales Passwort f\u00fcr den Benutzer gesetzt werden. Dies ist auch Voraussetzung daf\u00fcr, dass der Benutzer sich \u00fcberhaupt im CAJAC anmelden kann (seit Version CAJAC 7.0)<\/p>\n\n\n\n<h6 class=\"wp-block-heading\">Importieren der Unterschrift<\/h6>\n\n\n\n<p>Zun\u00e4chst muss die Unterschrift als PNG-Datei zur Verf\u00fcgung stehen. \u00dcber das Men\u00fc &#8218;<em>Extras<\/em>&#8218; -&gt; &#8218;<em>Unterschrift imporieren<\/em>&#8218; kann die Datei dann auf den Benutzer importiert werden.<\/p>\n\n\n\n<p><strong>ACHTUNG: Stellen Sie sicher, dass Sie den richtigen Benutzer selektiert haben<\/strong><\/p>\n\n\n\n<h6 class=\"wp-block-heading\">Personensatz synchronisieren<\/h6>\n\n\n\n<p>Wie bei dem Feld &#8218;zugeh\u00f6rige Adresse&#8216; beschrieben, ben\u00f6tigt CAJAC f\u00fcr verschiedene Funktionen einen verkn\u00fcpften Adresssatz. Dieser kann \u00fcber \u00fcber das Men\u00fc &#8218;<em>Extras<\/em>&#8218; -&gt; &#8218;<em>Personensatz synchronisieren<\/em>&#8218; automatisch angelegt werden. <\/p>\n\n\n\n<h4 class=\"wp-block-heading\">Zuordnung von Abfragen und Listen<\/h4>\n\n\n\n<p>CAJAC verf\u00fcgt \u00fcber eine gro\u00dfe Anzahl an vorkonfigurierten Standardabfragen und Listen zu Dokumenten, Objekten, Adressen, Zeitauswertungen, etc. <\/p>\n\n\n\n<p>Da aber nicht jeder Benutzer grunds\u00e4tzlich Zugang auf alle diese Auswertunge haben soll, m\u00fcssen diese dem Benutzer in der Benutzerverwaltung explizit zugeordnet werden. Die Zuordnung erfolgt nachdem der Benutzer angelegt wurde auf dem Reiter &#8218;Abfragen&#8216;. Hier \u00fcber die rechte Maustaste &#8218;Hinzuf\u00fcgen&#8216; und anschlie\u00dfend die gew\u00fcnschten Abfragen markieren und best\u00e4tigen:<\/p>\n\n\n\n<figure class=\"wp-block-image size-full\"><img loading=\"lazy\" decoding=\"async\" width=\"968\" height=\"561\" src=\"\/wp-content\/uploads\/2025\/11\/grafik-4.png\" alt=\"\" class=\"wp-image-329\" srcset=\"https:\/\/support.cajac.net\/wp-content\/uploads\/2025\/11\/grafik-4.png 968w, https:\/\/support.cajac.net\/wp-content\/uploads\/2025\/11\/grafik-4-300x174.png 300w, https:\/\/support.cajac.net\/wp-content\/uploads\/2025\/11\/grafik-4-768x445.png 768w, https:\/\/support.cajac.net\/wp-content\/uploads\/2025\/11\/grafik-4-421x244.png 421w\" sizes=\"auto, (max-width: 968px) 100vw, 968px\" \/><\/figure>\n\n\n<div class=\"wp-block-image\">\n<figure class=\"aligncenter size-full\"><img loading=\"lazy\" decoding=\"async\" width=\"573\" height=\"521\" src=\"\/wp-content\/uploads\/2025\/11\/grafik-5.png\" alt=\"\" class=\"wp-image-330\" srcset=\"https:\/\/support.cajac.net\/wp-content\/uploads\/2025\/11\/grafik-5.png 573w, https:\/\/support.cajac.net\/wp-content\/uploads\/2025\/11\/grafik-5-300x273.png 300w, https:\/\/support.cajac.net\/wp-content\/uploads\/2025\/11\/grafik-5-330x300.png 330w\" sizes=\"auto, (max-width: 573px) 100vw, 573px\" \/><figcaption class=\"wp-element-caption\">Suchmaske f\u00fcr Abfragen<\/figcaption><\/figure>\n<\/div>\n\n\n<p>Suche einfach mit &#8218;Suchen&#8216; best\u00e4tigen und gew\u00fcnschte Abfragen ausw\u00e4hlen:<\/p>\n\n\n<div class=\"wp-block-image\">\n<figure class=\"aligncenter size-full\"><img loading=\"lazy\" decoding=\"async\" width=\"658\" height=\"439\" src=\"\/wp-content\/uploads\/2025\/11\/grafik-6.png\" alt=\"\" class=\"wp-image-331\" srcset=\"https:\/\/support.cajac.net\/wp-content\/uploads\/2025\/11\/grafik-6.png 658w, https:\/\/support.cajac.net\/wp-content\/uploads\/2025\/11\/grafik-6-300x200.png 300w, https:\/\/support.cajac.net\/wp-content\/uploads\/2025\/11\/grafik-6-421x281.png 421w\" sizes=\"auto, (max-width: 658px) 100vw, 658px\" \/><\/figure>\n<\/div>\n\n\n<p>Es gibt derzeit keine M\u00f6glichkeit, die Auswahl auf mehrere Benutzer zu \u00fcbertragen. D.h. diese Auswahl muss f\u00fcr jeden Benutzer explizit get\u00e4tigt werden.<\/p>\n\n\n\n<h4 class=\"wp-block-heading\">Anzeige der Benutzer unter Aufgabenbaum &#8218;Bearbeiter&#8216;<\/h4>\n\n\n\n<p>Damit ein neuer Benutzer auch im Aufgabenbaum nach Bearbeiter erscheint, muss noch ein Eintrag unter der entsprechenden Berechtigungsrolle vorgenommen werden:<\/p>\n\n\n<div class=\"wp-block-image\">\n<figure class=\"aligncenter size-full\"><img loading=\"lazy\" decoding=\"async\" width=\"377\" height=\"207\" src=\"\/wp-content\/uploads\/2025\/11\/grafik-7.png\" alt=\"\" class=\"wp-image-334\" srcset=\"https:\/\/support.cajac.net\/wp-content\/uploads\/2025\/11\/grafik-7.png 377w, https:\/\/support.cajac.net\/wp-content\/uploads\/2025\/11\/grafik-7-300x165.png 300w\" sizes=\"auto, (max-width: 377px) 100vw, 377px\" \/><\/figure>\n<\/div>\n\n\n<p>Hier die Standardberechtigung 120 Aufgaben Mitarbeiter w\u00e4hlen und den Reiter &#8218;Berechtigungen&#8216;:<\/p>\n\n\n\n<figure class=\"wp-block-image size-full\"><img loading=\"lazy\" decoding=\"async\" width=\"972\" height=\"606\" src=\"\/wp-content\/uploads\/2025\/11\/grafik-9.png\" alt=\"\" class=\"wp-image-336\" srcset=\"https:\/\/support.cajac.net\/wp-content\/uploads\/2025\/11\/grafik-9.png 972w, https:\/\/support.cajac.net\/wp-content\/uploads\/2025\/11\/grafik-9-300x187.png 300w, https:\/\/support.cajac.net\/wp-content\/uploads\/2025\/11\/grafik-9-768x479.png 768w, https:\/\/support.cajac.net\/wp-content\/uploads\/2025\/11\/grafik-9-421x262.png 421w\" sizes=\"auto, (max-width: 972px) 100vw, 972px\" \/><\/figure>\n\n\n\n<p>In diesem Fall muss die Berechtigung neu erfasst werden:<\/p>\n\n\n<div class=\"wp-block-image\">\n<figure class=\"aligncenter size-full\"><img loading=\"lazy\" decoding=\"async\" width=\"553\" height=\"216\" src=\"\/wp-content\/uploads\/2025\/11\/grafik-10.png\" alt=\"\" class=\"wp-image-337\" srcset=\"https:\/\/support.cajac.net\/wp-content\/uploads\/2025\/11\/grafik-10.png 553w, https:\/\/support.cajac.net\/wp-content\/uploads\/2025\/11\/grafik-10-300x117.png 300w, https:\/\/support.cajac.net\/wp-content\/uploads\/2025\/11\/grafik-10-421x164.png 421w\" sizes=\"auto, (max-width: 553px) 100vw, 553px\" \/><\/figure>\n<\/div>\n\n\n<p><\/p>\n","protected":false},"excerpt":{"rendered":"<p>Benutzer anlegen oder verwalten Einen Benutzer im CAJAC anzulegen ist zwar einfach, aber viele Konfigurationen h\u00e4ngen vom jeweiligen T\u00e4tigkeitsfeld bzw. Verantwortungsbereich des Benutzers ab und &hellip;<\/p>\n","protected":false},"author":2,"featured_media":0,"parent":0,"menu_order":0,"comment_status":"closed","ping_status":"closed","template":"","meta":{"footnotes":""},"class_list":["post-304","page","type-page","status-publish","hentry"],"_links":{"self":[{"href":"https:\/\/support.cajac.net\/index.php?rest_route=\/wp\/v2\/pages\/304","targetHints":{"allow":["GET"]}}],"collection":[{"href":"https:\/\/support.cajac.net\/index.php?rest_route=\/wp\/v2\/pages"}],"about":[{"href":"https:\/\/support.cajac.net\/index.php?rest_route=\/wp\/v2\/types\/page"}],"author":[{"embeddable":true,"href":"https:\/\/support.cajac.net\/index.php?rest_route=\/wp\/v2\/users\/2"}],"replies":[{"embeddable":true,"href":"https:\/\/support.cajac.net\/index.php?rest_route=%2Fwp%2Fv2%2Fcomments&post=304"}],"version-history":[{"count":24,"href":"https:\/\/support.cajac.net\/index.php?rest_route=\/wp\/v2\/pages\/304\/revisions"}],"predecessor-version":[{"id":340,"href":"https:\/\/support.cajac.net\/index.php?rest_route=\/wp\/v2\/pages\/304\/revisions\/340"}],"wp:attachment":[{"href":"https:\/\/support.cajac.net\/index.php?rest_route=%2Fwp%2Fv2%2Fmedia&parent=304"}],"curies":[{"name":"wp","href":"https:\/\/api.w.org\/{rel}","templated":true}]}}