{"id":285,"date":"2025-06-26T16:05:21","date_gmt":"2025-06-26T16:05:21","guid":{"rendered":"https:\/\/support.cajac.net\/?page_id=285"},"modified":"2025-06-26T16:06:07","modified_gmt":"2025-06-26T16:06:07","slug":"ansprechpartner-und-funktionen","status":"publish","type":"page","link":"https:\/\/support.cajac.net\/?page_id=285","title":{"rendered":"Ansprechpartner und Funktionen"},"content":{"rendered":"\n<p>Einem Objekt oder einer Wohnung k\u00f6nnen Personen\/Adressen zugeordnet werden. Auf Wohnungsebene sind es in der Regel Eigent\u00fcmer, Mieter, Vorbesitzer oder Vormieter. Auf Liegenschaftsebene sind es die Gewerke (extern) und die internen Ansprechpartner:<\/p>\n\n\n<div class=\"wp-block-image\">\n<figure class=\"aligncenter size-large\"><img loading=\"lazy\" decoding=\"async\" width=\"1024\" height=\"359\" src=\"\/wp-content\/uploads\/2025\/06\/grafik-1024x359.png\" alt=\"\" class=\"wp-image-286\" srcset=\"https:\/\/support.cajac.net\/wp-content\/uploads\/2025\/06\/grafik-1024x359.png 1024w, https:\/\/support.cajac.net\/wp-content\/uploads\/2025\/06\/grafik-300x105.png 300w, https:\/\/support.cajac.net\/wp-content\/uploads\/2025\/06\/grafik-768x269.png 768w, https:\/\/support.cajac.net\/wp-content\/uploads\/2025\/06\/grafik-1536x538.png 1536w, https:\/\/support.cajac.net\/wp-content\/uploads\/2025\/06\/grafik-421x147.png 421w, https:\/\/support.cajac.net\/wp-content\/uploads\/2025\/06\/grafik.png 1559w\" sizes=\"auto, (max-width: 1024px) 100vw, 1024px\" \/><figcaption class=\"wp-element-caption\">Ansprechpartner auf Liegenschaftsebene<\/figcaption><\/figure>\n<\/div>\n\n<div class=\"wp-block-image\">\n<figure class=\"aligncenter size-large\"><img loading=\"lazy\" decoding=\"async\" width=\"1024\" height=\"117\" src=\"\/wp-content\/uploads\/2025\/06\/grafik-1-1024x117.png\" alt=\"\" class=\"wp-image-287\" srcset=\"https:\/\/support.cajac.net\/wp-content\/uploads\/2025\/06\/grafik-1-1024x117.png 1024w, https:\/\/support.cajac.net\/wp-content\/uploads\/2025\/06\/grafik-1-300x34.png 300w, https:\/\/support.cajac.net\/wp-content\/uploads\/2025\/06\/grafik-1-768x88.png 768w, https:\/\/support.cajac.net\/wp-content\/uploads\/2025\/06\/grafik-1-421x48.png 421w, https:\/\/support.cajac.net\/wp-content\/uploads\/2025\/06\/grafik-1.png 1474w\" sizes=\"auto, (max-width: 1024px) 100vw, 1024px\" \/><figcaption class=\"wp-element-caption\">Ansprechpartner auf Wohnungsebene<\/figcaption><\/figure>\n<\/div>\n\n\n<p>Bei der Zuordnung eines Ansprechpartner wird eine Verkn\u00fcpfung zwischen dem Adresssatz und der Einheit bzw. Liegenschaft erstellt, die wiederum selbst weitere Informationen beinhaltet. Die wichtigste ist das Feld Funktion. D.h. eine Person\/Adresse kann auch mehrfach in unterschiedlichen Funktionen zugeordnet werden, z.B. als Hausmeister und nochmals als Verwaltungsbeirat. <\/p>\n\n\n\n<p>Um diese zu \u00e4ndern muss also nicht der Adresssatz sondern die Zuordnung\/Verkn\u00fcpfung ge\u00e4ndert werden:<\/p>\n\n\n<div class=\"wp-block-image\">\n<figure class=\"aligncenter size-full\"><img loading=\"lazy\" decoding=\"async\" width=\"893\" height=\"420\" src=\"\/wp-content\/uploads\/2025\/06\/grafik-2.png\" alt=\"\" class=\"wp-image-289\" srcset=\"https:\/\/support.cajac.net\/wp-content\/uploads\/2025\/06\/grafik-2.png 893w, https:\/\/support.cajac.net\/wp-content\/uploads\/2025\/06\/grafik-2-300x141.png 300w, https:\/\/support.cajac.net\/wp-content\/uploads\/2025\/06\/grafik-2-768x361.png 768w, https:\/\/support.cajac.net\/wp-content\/uploads\/2025\/06\/grafik-2-421x198.png 421w\" sizes=\"auto, (max-width: 893px) 100vw, 893px\" \/><figcaption class=\"wp-element-caption\">\u00c4ndern eines Ansprechpartner bzw. der Verkn\u00fcpfung<\/figcaption><\/figure>\n<\/div>\n\n\n<h5 class=\"wp-block-heading\">ACHTUNG: Ist die Adresse nicht l\u00e4nger Hausmeister in dem Objekt so muss dieser Datensatz ENTFERNT werden. Auf keinen Fall darf der Datensatz an dieser Stelle gel\u00f6scht werden. Dieses w\u00fcrden den kompletten Adresssatz l\u00f6schen. Auch die Funktion &#8218;\u00c4ndern&#8216; \u00fcberschreibt den Adressatz und dies ist in den meisten F\u00e4llen nicht gew\u00fcnscht.<\/h5>\n\n\n\n<p>\u00dcber die Funktion &#8218;Verkn\u00fcpftung&#8216; -&gt; &#8218;\u00e4ndern&#8216; kann ein anderer Personen\/Adresssatz zugeordnet werden oder auch die Funktion:<\/p>\n\n\n<div class=\"wp-block-image\">\n<figure class=\"aligncenter size-full\"><img loading=\"lazy\" decoding=\"async\" width=\"991\" height=\"564\" src=\"\/wp-content\/uploads\/2025\/06\/grafik-3.png\" alt=\"\" class=\"wp-image-292\" srcset=\"https:\/\/support.cajac.net\/wp-content\/uploads\/2025\/06\/grafik-3.png 991w, https:\/\/support.cajac.net\/wp-content\/uploads\/2025\/06\/grafik-3-300x171.png 300w, https:\/\/support.cajac.net\/wp-content\/uploads\/2025\/06\/grafik-3-768x437.png 768w, https:\/\/support.cajac.net\/wp-content\/uploads\/2025\/06\/grafik-3-421x240.png 421w\" sizes=\"auto, (max-width: 991px) 100vw, 991px\" \/><figcaption class=\"wp-element-caption\">Zuordnungsmaske f\u00fcr Ansprechpartner<\/figcaption><\/figure>\n<\/div>\n\n\n<p> Das Feld &#8218;Funktion&#8216; steht auch als Datenfeld in der Personen\/Adressverwaltung zur Verf\u00fcgung, hat dort aber eine andere Bedeutung. Hier keine eine Adresse eindeutig klassifiziert werden, z.B. eine Adresse ist eindeutig ein &#8218;Dachdecker&#8216; oder &#8218;IT-Dienstleister&#8216;:<\/p>\n\n\n<div class=\"wp-block-image\">\n<figure class=\"aligncenter size-full\"><img loading=\"lazy\" decoding=\"async\" width=\"847\" height=\"496\" src=\"\/wp-content\/uploads\/2025\/06\/image.png\" alt=\"\" class=\"wp-image-294\" srcset=\"https:\/\/support.cajac.net\/wp-content\/uploads\/2025\/06\/image.png 847w, https:\/\/support.cajac.net\/wp-content\/uploads\/2025\/06\/image-300x176.png 300w, https:\/\/support.cajac.net\/wp-content\/uploads\/2025\/06\/image-768x450.png 768w, https:\/\/support.cajac.net\/wp-content\/uploads\/2025\/06\/image-421x247.png 421w, https:\/\/support.cajac.net\/wp-content\/uploads\/2025\/06\/image-512x300.png 512w\" sizes=\"auto, (max-width: 847px) 100vw, 847px\" \/><figcaption class=\"wp-element-caption\">Einordnung der Adresse als &#8218;Elektro&#8216;<\/figcaption><\/figure>\n<\/div>\n\n\n<p><\/p>\n\n\n\n<p class=\"has-text-align-center\"><\/p>\n\n\n\n<p><\/p>\n","protected":false},"excerpt":{"rendered":"<p>Einem Objekt oder einer Wohnung k\u00f6nnen Personen\/Adressen zugeordnet werden. Auf Wohnungsebene sind es in der Regel Eigent\u00fcmer, Mieter, Vorbesitzer oder Vormieter. Auf Liegenschaftsebene sind es &hellip;<\/p>\n","protected":false},"author":2,"featured_media":0,"parent":0,"menu_order":0,"comment_status":"closed","ping_status":"closed","template":"","meta":{"footnotes":""},"class_list":["post-285","page","type-page","status-publish","hentry"],"_links":{"self":[{"href":"https:\/\/support.cajac.net\/index.php?rest_route=\/wp\/v2\/pages\/285","targetHints":{"allow":["GET"]}}],"collection":[{"href":"https:\/\/support.cajac.net\/index.php?rest_route=\/wp\/v2\/pages"}],"about":[{"href":"https:\/\/support.cajac.net\/index.php?rest_route=\/wp\/v2\/types\/page"}],"author":[{"embeddable":true,"href":"https:\/\/support.cajac.net\/index.php?rest_route=\/wp\/v2\/users\/2"}],"replies":[{"embeddable":true,"href":"https:\/\/support.cajac.net\/index.php?rest_route=%2Fwp%2Fv2%2Fcomments&post=285"}],"version-history":[{"count":6,"href":"https:\/\/support.cajac.net\/index.php?rest_route=\/wp\/v2\/pages\/285\/revisions"}],"predecessor-version":[{"id":297,"href":"https:\/\/support.cajac.net\/index.php?rest_route=\/wp\/v2\/pages\/285\/revisions\/297"}],"wp:attachment":[{"href":"https:\/\/support.cajac.net\/index.php?rest_route=%2Fwp%2Fv2%2Fmedia&parent=285"}],"curies":[{"name":"wp","href":"https:\/\/api.w.org\/{rel}","templated":true}]}}