{"id":195,"date":"2025-04-29T12:20:17","date_gmt":"2025-04-29T12:20:17","guid":{"rendered":"https:\/\/support.cajac.net\/?page_id=195"},"modified":"2025-04-29T12:24:15","modified_gmt":"2025-04-29T12:24:15","slug":"objektdaten-pflegen","status":"publish","type":"page","link":"https:\/\/support.cajac.net\/?page_id=195","title":{"rendered":"Objektdaten pflegen"},"content":{"rendered":"\n<p>Idealerweise werden die Objektdaten aus einem prim\u00e4ren ERP-\/Abrechnungssystem importiert und bestenfalls regelm\u00e4\u00dfig aktualisiert. Dies beinhaltet die Objekt- bzw. Liegenschafts- und Wohnungs-\/Stellplatzinformationen. Zu diesen Einheiten werden dann die entsprechenden Ansprechpartner (z.B. Wohnung =&gt; Eigent\u00fcmer, Mieter, Vorbesitzer, Vormieter \/ Liegenschaft =&gt; Objektbetreuer, Hausmeister, Verwaltungsbeirat, Heizkostenabrechner, Schl\u00fcsseldiensst, etc.) zugeordnet. Gleichzeitig werden \u00fcber die jeweiligen Attributlisten die Informationen in den Einheiten (Liegenschaft =&gt; Wirtschaftsjahrbeginn, verwaltet seit, Baujahr, etc. \/\/ Wohnung =&gt; Hausgeld, Miete, Nebenkosten, Wohnungsgr\u00f6\u00dfe, MEA, etc.) hinterlegt.<\/p>\n\n\n\n<p>Im folgenden wird erkl\u00e4rt, wie diese Daten zu pflegen sind:<\/p>\n\n\n\n<h4 class=\"wp-block-heading\">Ansprechpartner zuordnen, \u00e4ndern, entfernen<\/h4>\n\n\n\n<p>Generell k\u00f6nnen an jede Objekteinheit von Liegenschaft \u00fcber Geb\u00e4ude und Wohnung Ansprechpartner\/Gewerke zugeordnet werden. Die Ansprechpartner einer Wohnung (Eigent\u00fcmer, Mieter, Vorbesitzer, Vormieter) werden idealerweise aus einem f\u00fchrenden ERP-\/Abrechnungssystem \u00fcbernommen und aktualisiert. Technisch gesehen funktioniert die Zuordnung im CAJAC aber immer gleich. <\/p>\n\n\n\n<h6 class=\"wp-block-heading\">Zuordnen eines Hausmeisters auf Objektebene:<\/h6>\n\n\n\n<p><\/p>\n\n\n\n<p>Auf dem Objektreiter wird das gew\u00fcnschte Objekt selektiert: (Standardm\u00e4\u00dfig werden zun\u00e4chst die Stammdaten angezeigt)<\/p>\n\n\n<div class=\"wp-block-image\">\n<figure class=\"aligncenter size-large\"><img loading=\"lazy\" decoding=\"async\" width=\"1024\" height=\"615\" src=\"\/wp-content\/uploads\/2025\/04\/grafik-60-1024x615.png\" alt=\"\" class=\"wp-image-202\" srcset=\"https:\/\/support.cajac.net\/wp-content\/uploads\/2025\/04\/grafik-60-1024x615.png 1024w, https:\/\/support.cajac.net\/wp-content\/uploads\/2025\/04\/grafik-60-300x180.png 300w, https:\/\/support.cajac.net\/wp-content\/uploads\/2025\/04\/grafik-60-768x461.png 768w, https:\/\/support.cajac.net\/wp-content\/uploads\/2025\/04\/grafik-60-421x253.png 421w, https:\/\/support.cajac.net\/wp-content\/uploads\/2025\/04\/grafik-60.png 1126w\" sizes=\"auto, (max-width: 1024px) 100vw, 1024px\" \/><figcaption class=\"wp-element-caption\">Stammdaten einer Liegenschaft<\/figcaption><\/figure>\n<\/div>\n\n\n<p>Auswahl des Tabs &#8218;Ansprechpartner&#8216;<\/p>\n\n\n<div class=\"wp-block-image\">\n<figure class=\"aligncenter size-full\"><img loading=\"lazy\" decoding=\"async\" width=\"791\" height=\"93\" src=\"\/wp-content\/uploads\/2025\/04\/grafik-61.png\" alt=\"\" class=\"wp-image-203\" srcset=\"https:\/\/support.cajac.net\/wp-content\/uploads\/2025\/04\/grafik-61.png 791w, https:\/\/support.cajac.net\/wp-content\/uploads\/2025\/04\/grafik-61-300x35.png 300w, https:\/\/support.cajac.net\/wp-content\/uploads\/2025\/04\/grafik-61-768x90.png 768w, https:\/\/support.cajac.net\/wp-content\/uploads\/2025\/04\/grafik-61-421x49.png 421w\" sizes=\"auto, (max-width: 791px) 100vw, 791px\" \/><figcaption class=\"wp-element-caption\">Liste Ansprechpartner<\/figcaption><\/figure>\n<\/div>\n\n\n<p>Mit der rechten Maustaste in die Liste der Ansprechpartner klicken und &#8218;Hinzuf\u00fcgen&#8216; w\u00e4hlen<\/p>\n\n\n\n<figure class=\"wp-block-image size-full is-resized\"><img loading=\"lazy\" decoding=\"async\" width=\"791\" height=\"263\" src=\"\/wp-content\/uploads\/2025\/04\/grafik-62.png\" alt=\"\" class=\"wp-image-205\" style=\"width:920px;height:auto\" srcset=\"https:\/\/support.cajac.net\/wp-content\/uploads\/2025\/04\/grafik-62.png 791w, https:\/\/support.cajac.net\/wp-content\/uploads\/2025\/04\/grafik-62-300x100.png 300w, https:\/\/support.cajac.net\/wp-content\/uploads\/2025\/04\/grafik-62-768x255.png 768w, https:\/\/support.cajac.net\/wp-content\/uploads\/2025\/04\/grafik-62-421x140.png 421w\" sizes=\"auto, (max-width: 791px) 100vw, 791px\" \/><\/figure>\n\n\n\n<p>Es wird nun die Standard-Suchmaske f\u00fcr Personen\/Adressen angezeigt (Wenn man sicher ist, dass die Adresse noch nicht im CAJAC erfasst ist, kann man \u00fcber &#8218;Neu&#8216; die Adresse auch an dieser Stelle neu anlegen)<\/p>\n\n\n<div class=\"wp-block-image\">\n<figure class=\"aligncenter size-full\"><img loading=\"lazy\" decoding=\"async\" width=\"836\" height=\"599\" src=\"\/wp-content\/uploads\/2025\/04\/grafik-63.png\" alt=\"\" class=\"wp-image-207\" srcset=\"https:\/\/support.cajac.net\/wp-content\/uploads\/2025\/04\/grafik-63.png 836w, https:\/\/support.cajac.net\/wp-content\/uploads\/2025\/04\/grafik-63-300x215.png 300w, https:\/\/support.cajac.net\/wp-content\/uploads\/2025\/04\/grafik-63-768x550.png 768w, https:\/\/support.cajac.net\/wp-content\/uploads\/2025\/04\/grafik-63-419x300.png 419w\" sizes=\"auto, (max-width: 836px) 100vw, 836px\" \/><figcaption class=\"wp-element-caption\">Suchmaske Personen\/Adressen<\/figcaption><\/figure>\n<\/div>\n\n\n<p>Entweder es wird eine Auswahl der gefunden Adressen angezeigt oder evtl. auch nur direkt eine Adresse gefunden, die dann sofort in die Folgende Zuordnungsmaske \u00fcbernommen wird:<\/p>\n\n\n<div class=\"wp-block-image\">\n<figure class=\"aligncenter size-large\"><img loading=\"lazy\" decoding=\"async\" width=\"1024\" height=\"456\" src=\"\/wp-content\/uploads\/2025\/04\/grafik-64-1024x456.png\" alt=\"\" class=\"wp-image-208\" srcset=\"https:\/\/support.cajac.net\/wp-content\/uploads\/2025\/04\/grafik-64-1024x456.png 1024w, https:\/\/support.cajac.net\/wp-content\/uploads\/2025\/04\/grafik-64-300x134.png 300w, https:\/\/support.cajac.net\/wp-content\/uploads\/2025\/04\/grafik-64-768x342.png 768w, https:\/\/support.cajac.net\/wp-content\/uploads\/2025\/04\/grafik-64-421x188.png 421w, https:\/\/support.cajac.net\/wp-content\/uploads\/2025\/04\/grafik-64.png 1333w\" sizes=\"auto, (max-width: 1024px) 100vw, 1024px\" \/><figcaption class=\"wp-element-caption\">Zuordnung einer Adresse unter mit der Funktion &#8218;Hausmeister&#8216;<\/figcaption><\/figure>\n<\/div>\n\n<div class=\"wp-block-image\">\n<figure class=\"aligncenter size-large\"><img loading=\"lazy\" decoding=\"async\" width=\"1024\" height=\"241\" src=\"\/wp-content\/uploads\/2025\/04\/grafik-65-1024x241.png\" alt=\"\" class=\"wp-image-210\" srcset=\"https:\/\/support.cajac.net\/wp-content\/uploads\/2025\/04\/grafik-65-1024x241.png 1024w, https:\/\/support.cajac.net\/wp-content\/uploads\/2025\/04\/grafik-65-300x71.png 300w, https:\/\/support.cajac.net\/wp-content\/uploads\/2025\/04\/grafik-65-768x181.png 768w, https:\/\/support.cajac.net\/wp-content\/uploads\/2025\/04\/grafik-65-421x99.png 421w, https:\/\/support.cajac.net\/wp-content\/uploads\/2025\/04\/grafik-65.png 1124w\" sizes=\"auto, (max-width: 1024px) 100vw, 1024px\" \/><figcaption class=\"wp-element-caption\">Ansicht des Hausmeisters im Objekt<\/figcaption><\/figure>\n<\/div>\n\n\n<p>Nach Aktualisierung der Ansicht des Objektbaums wird der Hausmeister dort ebenfalls als Person\/Adresse angezeigt<\/p>\n\n\n\n<p>WICHTIG! ACHTUNG: Um diese Verkn\u00fcpfung zu \u00e4ndern oder wieder zu entfernen markieren Sie den Eintrag rechts in der \u00dcbersicht unter &#8218;Ansprechpartner&#8216; und w\u00e4hlen mit der rechten Maustaste &#8218;Entfernen&#8216; (der Ansprechpartner wird aus dem Objekt entfernt) oder &#8218;Verkn\u00fcpfung -&gt; \u00c4ndern&#8216;:<\/p>\n\n\n<div class=\"wp-block-image\">\n<figure class=\"aligncenter size-full\"><img loading=\"lazy\" decoding=\"async\" width=\"593\" height=\"454\" src=\"\/wp-content\/uploads\/2025\/04\/grafik-66.png\" alt=\"\" class=\"wp-image-212\" srcset=\"https:\/\/support.cajac.net\/wp-content\/uploads\/2025\/04\/grafik-66.png 593w, https:\/\/support.cajac.net\/wp-content\/uploads\/2025\/04\/grafik-66-300x230.png 300w, https:\/\/support.cajac.net\/wp-content\/uploads\/2025\/04\/grafik-66-392x300.png 392w\" sizes=\"auto, (max-width: 593px) 100vw, 593px\" \/><\/figure>\n<\/div>\n\n\n<p>Mit &#8218;Verkn\u00fcpfung &#8211; \u00c4ndern&#8216; bekommt man wieder die Eingabe f\u00fcr die Zuordnung und Funktion:<\/p>\n\n\n<div class=\"wp-block-image\">\n<figure class=\"aligncenter size-full\"><img loading=\"lazy\" decoding=\"async\" width=\"537\" height=\"391\" src=\"\/wp-content\/uploads\/2025\/04\/grafik-67.png\" alt=\"\" class=\"wp-image-213\" srcset=\"https:\/\/support.cajac.net\/wp-content\/uploads\/2025\/04\/grafik-67.png 537w, https:\/\/support.cajac.net\/wp-content\/uploads\/2025\/04\/grafik-67-300x218.png 300w, https:\/\/support.cajac.net\/wp-content\/uploads\/2025\/04\/grafik-67-412x300.png 412w, https:\/\/support.cajac.net\/wp-content\/uploads\/2025\/04\/grafik-67-413x300.png 413w\" sizes=\"auto, (max-width: 537px) 100vw, 537px\" \/><\/figure>\n<\/div>\n\n\n<p>Hier kann dann z.B. die Funktion ge\u00e4ndert werden oder auch eine andere Adresse gesucht und eingetragen werden.<\/p>\n\n\n<div class=\"wp-block-image\">\n<figure class=\"aligncenter size-full\"><img loading=\"lazy\" decoding=\"async\" width=\"592\" height=\"334\" src=\"\/wp-content\/uploads\/2025\/04\/grafik-68.png\" alt=\"\" class=\"wp-image-214\" srcset=\"https:\/\/support.cajac.net\/wp-content\/uploads\/2025\/04\/grafik-68.png 592w, https:\/\/support.cajac.net\/wp-content\/uploads\/2025\/04\/grafik-68-300x169.png 300w, https:\/\/support.cajac.net\/wp-content\/uploads\/2025\/04\/grafik-68-421x238.png 421w\" sizes=\"auto, (max-width: 592px) 100vw, 592px\" \/><figcaption class=\"wp-element-caption\">\u00c4ndern die Stammdaten der Person\/Adresse!!!<\/figcaption><\/figure>\n<\/div>\n\n\n<h4 class=\"wp-block-heading\">Ablageordner<\/h4>\n\n\n\n<h4 class=\"wp-block-heading\">Objektstruktur<\/h4>\n\n\n\n<h6 class=\"wp-block-heading\">Liegenschaft<\/h6>\n\n\n\n<h6 class=\"wp-block-heading\">Geb\u00e4ude<\/h6>\n\n\n\n<h6 class=\"wp-block-heading\">Wohnung<\/h6>\n\n\n\n<h4 class=\"wp-block-heading\">Technikobjekte<\/h4>\n","protected":false},"excerpt":{"rendered":"<p>Idealerweise werden die Objektdaten aus einem prim\u00e4ren ERP-\/Abrechnungssystem importiert und bestenfalls regelm\u00e4\u00dfig aktualisiert. Dies beinhaltet die Objekt- bzw. Liegenschafts- und Wohnungs-\/Stellplatzinformationen. Zu diesen Einheiten werden &hellip;<\/p>\n","protected":false},"author":2,"featured_media":0,"parent":0,"menu_order":0,"comment_status":"closed","ping_status":"closed","template":"","meta":{"footnotes":""},"class_list":["post-195","page","type-page","status-publish","hentry"],"_links":{"self":[{"href":"https:\/\/support.cajac.net\/index.php?rest_route=\/wp\/v2\/pages\/195","targetHints":{"allow":["GET"]}}],"collection":[{"href":"https:\/\/support.cajac.net\/index.php?rest_route=\/wp\/v2\/pages"}],"about":[{"href":"https:\/\/support.cajac.net\/index.php?rest_route=\/wp\/v2\/types\/page"}],"author":[{"embeddable":true,"href":"https:\/\/support.cajac.net\/index.php?rest_route=\/wp\/v2\/users\/2"}],"replies":[{"embeddable":true,"href":"https:\/\/support.cajac.net\/index.php?rest_route=%2Fwp%2Fv2%2Fcomments&post=195"}],"version-history":[{"count":11,"href":"https:\/\/support.cajac.net\/index.php?rest_route=\/wp\/v2\/pages\/195\/revisions"}],"predecessor-version":[{"id":217,"href":"https:\/\/support.cajac.net\/index.php?rest_route=\/wp\/v2\/pages\/195\/revisions\/217"}],"wp:attachment":[{"href":"https:\/\/support.cajac.net\/index.php?rest_route=%2Fwp%2Fv2%2Fmedia&parent=195"}],"curies":[{"name":"wp","href":"https:\/\/api.w.org\/{rel}","templated":true}]}}