{"id":131,"date":"2025-04-29T09:40:12","date_gmt":"2025-04-29T09:40:12","guid":{"rendered":"https:\/\/support.cajac.net\/?page_id=131"},"modified":"2025-04-29T11:42:48","modified_gmt":"2025-04-29T11:42:48","slug":"serienbrief-oder-serien-e-mail-an-eigentuemer-mieter-eines-objekts","status":"publish","type":"page","link":"https:\/\/support.cajac.net\/?page_id=131","title":{"rendered":"Erstellen eines Serien-Briefs"},"content":{"rendered":"\n<p>Zun\u00e4chst wird \u00fcber den Knopf &#8218;Dokument&#8216; ein Dokument aus den Dokumentvorlagen ausgew\u00e4hlt und angelegt:<\/p>\n\n\n\n<figure class=\"wp-block-image size-full is-style-default\"><img loading=\"lazy\" decoding=\"async\" width=\"793\" height=\"485\" src=\"\/wp-content\/uploads\/2025\/04\/grafik-27.png\" alt=\"\" class=\"wp-image-137\" srcset=\"https:\/\/support.cajac.net\/wp-content\/uploads\/2025\/04\/grafik-27.png 793w, https:\/\/support.cajac.net\/wp-content\/uploads\/2025\/04\/grafik-27-300x183.png 300w, https:\/\/support.cajac.net\/wp-content\/uploads\/2025\/04\/grafik-27-768x470.png 768w, https:\/\/support.cajac.net\/wp-content\/uploads\/2025\/04\/grafik-27-421x257.png 421w\" sizes=\"auto, (max-width: 793px) 100vw, 793px\" \/><\/figure>\n\n\n\n<p><br>In der Aufgabenliste wird ein neuer Eintrag angezeigt mit dem Namen der Vorlage im Betreff: <\/p>\n\n\n<div class=\"wp-block-image\">\n<figure class=\"aligncenter size-large\"><img loading=\"lazy\" decoding=\"async\" width=\"1024\" height=\"141\" src=\"\/wp-content\/uploads\/2025\/04\/grafik-28-1024x141.png\" alt=\"\" class=\"wp-image-140\" srcset=\"https:\/\/support.cajac.net\/wp-content\/uploads\/2025\/04\/grafik-28-1024x141.png 1024w, https:\/\/support.cajac.net\/wp-content\/uploads\/2025\/04\/grafik-28-300x41.png 300w, https:\/\/support.cajac.net\/wp-content\/uploads\/2025\/04\/grafik-28-768x106.png 768w, https:\/\/support.cajac.net\/wp-content\/uploads\/2025\/04\/grafik-28-421x58.png 421w, https:\/\/support.cajac.net\/wp-content\/uploads\/2025\/04\/grafik-28.png 1030w\" sizes=\"auto, (max-width: 1024px) 100vw, 1024px\" \/><figcaption class=\"wp-element-caption\">Eintrag des neuen Dokuments in der Aufgabenliste<\/figcaption><\/figure>\n<\/div>\n\n\n<p>Im Detailbereich darunter werden nun die Meta-Daten wie Objektnummer, Betreff und Adresslisten hinzugef\u00fcgt:<\/p>\n\n\n<div class=\"wp-block-image\">\n<figure class=\"aligncenter size-large is-resized\"><img loading=\"lazy\" decoding=\"async\" width=\"1024\" height=\"966\" src=\"\/wp-content\/uploads\/2025\/04\/grafik-29-1024x966.png\" alt=\"\" class=\"wp-image-143\" style=\"width:921px;height:auto\" srcset=\"https:\/\/support.cajac.net\/wp-content\/uploads\/2025\/04\/grafik-29-1024x966.png 1024w, https:\/\/support.cajac.net\/wp-content\/uploads\/2025\/04\/grafik-29-300x283.png 300w, https:\/\/support.cajac.net\/wp-content\/uploads\/2025\/04\/grafik-29-768x724.png 768w, https:\/\/support.cajac.net\/wp-content\/uploads\/2025\/04\/grafik-29-318x300.png 318w, https:\/\/support.cajac.net\/wp-content\/uploads\/2025\/04\/grafik-29.png 1068w\" sizes=\"auto, (max-width: 1024px) 100vw, 1024px\" \/><figcaption class=\"wp-element-caption\">Ausw\u00e4hlen der Informationen f\u00fcr den Serienbrief<\/figcaption><\/figure>\n<\/div>\n\n\n<p>In diesem Beispiel wird das Objekt eingegeben, der Betreff angepasst und die Adressen f\u00fcr den Serienbrief ausgew\u00e4hlt. (In diesem Beispiel werden die Eigent\u00fcmer eines Objekts hinzugef\u00fcgt. Wie der Screenshot zeigt, k\u00f6nnen beliebig weitere Funktionen eines Objekts hinzugef\u00fcgt werden, oder es werden &#8211; falls das Dokument einem Prozess zugeordnet ist, der bereits eine Adressliste zugeordnet hat &#8211; die Adressen aus dem Prozess \u00fcbernommen.<br>Oder es wird eine beliebige Adresse entweder \u00fcber die Schnellsuche hinzugef\u00fcgt: <\/p>\n\n\n<div class=\"wp-block-image\">\n<figure class=\"aligncenter size-full\"><img loading=\"lazy\" decoding=\"async\" width=\"225\" height=\"90\" src=\"\/wp-content\/uploads\/2025\/04\/grafik-30.png\" alt=\"\" class=\"wp-image-144\"\/><figcaption class=\"wp-element-caption\">Schnellsuche<\/figcaption><\/figure>\n<\/div>\n\n\n<p>Wollen Sie einen Brief objekt\u00fcbergreifend beispielsweise an alle Verwaltungsbeir\u00e4te schreiben, m\u00fcssen Sie die Adressen \u00fcber &#8218;Hinzuf\u00fcgen&#8216; zuordnen: <\/p>\n\n\n<div class=\"wp-block-image\">\n<figure class=\"aligncenter size-full\"><img loading=\"lazy\" decoding=\"async\" width=\"543\" height=\"336\" src=\"\/wp-content\/uploads\/2025\/04\/grafik-31.png\" alt=\"\" class=\"wp-image-145\" srcset=\"https:\/\/support.cajac.net\/wp-content\/uploads\/2025\/04\/grafik-31.png 543w, https:\/\/support.cajac.net\/wp-content\/uploads\/2025\/04\/grafik-31-300x186.png 300w, https:\/\/support.cajac.net\/wp-content\/uploads\/2025\/04\/grafik-31-421x261.png 421w\" sizes=\"auto, (max-width: 543px) 100vw, 543px\" \/><\/figure>\n<\/div>\n\n\n<p>Es folgt eine Suchmaske f\u00fcr die Personen\/Adressen<\/p>\n\n\n<div class=\"wp-block-image\">\n<figure class=\"aligncenter size-full\"><img loading=\"lazy\" decoding=\"async\" width=\"726\" height=\"662\" src=\"\/wp-content\/uploads\/2025\/04\/grafik-34.png\" alt=\"\" class=\"wp-image-148\" srcset=\"https:\/\/support.cajac.net\/wp-content\/uploads\/2025\/04\/grafik-34.png 726w, https:\/\/support.cajac.net\/wp-content\/uploads\/2025\/04\/grafik-34-300x274.png 300w, https:\/\/support.cajac.net\/wp-content\/uploads\/2025\/04\/grafik-34-329x300.png 329w\" sizes=\"auto, (max-width: 726px) 100vw, 726px\" \/><figcaption class=\"wp-element-caption\">Suchkriterien zur Adresssuche<\/figcaption><\/figure>\n<\/div>\n\n\n<p>Man kann nach allen Feldern, die die Suchmaske bietet suchen, hier z.B. nach den Kommunikationsdaten (Telefonnummer, E-Mail-Adresse, etc.). Als Platzhalter oder Jokerzeichen wird das &#8218;%&#8216;-Zeichen verwendet: z.B. %beispiel%@beispiel.de findet alle Adressen, die als E-Mail-Adresse vor dem @-Zeichen die Zeichenkette &#8218;beispiel&#8216; enth\u00e4lt.<\/p>\n\n\n\n<p>Sucht man die Verwaltungsbeir\u00e4te aller Objekte hat man die M\u00f6glichkeit \u00fcber die Funktionszuordnung zu suchen:<\/p>\n\n\n<div class=\"wp-block-image\">\n<figure class=\"aligncenter size-full\"><img loading=\"lazy\" decoding=\"async\" width=\"726\" height=\"437\" src=\"\/wp-content\/uploads\/2025\/04\/grafik-35.png\" alt=\"\" class=\"wp-image-149\" srcset=\"https:\/\/support.cajac.net\/wp-content\/uploads\/2025\/04\/grafik-35.png 726w, https:\/\/support.cajac.net\/wp-content\/uploads\/2025\/04\/grafik-35-300x181.png 300w, https:\/\/support.cajac.net\/wp-content\/uploads\/2025\/04\/grafik-35-421x253.png 421w\" sizes=\"auto, (max-width: 726px) 100vw, 726px\" \/><figcaption class=\"wp-element-caption\">Suche nach Funktionszuordnung und Auswahl von Objekt<\/figcaption><\/figure>\n<\/div>\n\n\n<p>Hier werden alle Verwaltungsbeir\u00e4te gefunden, die den Objekten 00000 bis 000ZZ zugeordnet sind. Wird das Feld Objekt leer gelassen, so werden alle Verwaltungsbeir\u00e4te gefunden, die im System Objekten zugeordnet sind.<\/p>\n\n\n<div class=\"wp-block-image\">\n<figure class=\"aligncenter size-full\"><img loading=\"lazy\" decoding=\"async\" width=\"785\" height=\"325\" src=\"\/wp-content\/uploads\/2025\/04\/grafik-38.png\" alt=\"\" class=\"wp-image-154\" srcset=\"https:\/\/support.cajac.net\/wp-content\/uploads\/2025\/04\/grafik-38.png 785w, https:\/\/support.cajac.net\/wp-content\/uploads\/2025\/04\/grafik-38-300x124.png 300w, https:\/\/support.cajac.net\/wp-content\/uploads\/2025\/04\/grafik-38-768x318.png 768w, https:\/\/support.cajac.net\/wp-content\/uploads\/2025\/04\/grafik-38-421x174.png 421w\" sizes=\"auto, (max-width: 785px) 100vw, 785px\" \/><figcaption class=\"wp-element-caption\">Suchergebnis<\/figcaption><\/figure>\n<\/div>\n\n\n<p>Im Suchergebnis k\u00f6nnen dann ggf. mehrfach gefundene Adressen (z.B. mit mehreren Einheiten) \u00fcber den Knopf &#8218;Mehrfache entfernen&#8216; aus der Liste entfernt werden.<\/p>\n\n\n\n<p>Bei Best\u00e4tigen durch &#8218;OK&#8216; werden die ausgew\u00e4hlten Adressen (kann auch nur eine Adresse sein) in die Liste der Adressen \u00fcbernommen:<\/p>\n\n\n<div class=\"wp-block-image\">\n<figure class=\"aligncenter size-large is-resized\"><img loading=\"lazy\" decoding=\"async\" width=\"1024\" height=\"128\" src=\"\/wp-content\/uploads\/2025\/04\/grafik-40-1024x128.png\" alt=\"\" class=\"wp-image-158\" style=\"width:920px;height:auto\" srcset=\"https:\/\/support.cajac.net\/wp-content\/uploads\/2025\/04\/grafik-40-1024x128.png 1024w, https:\/\/support.cajac.net\/wp-content\/uploads\/2025\/04\/grafik-40-300x37.png 300w, https:\/\/support.cajac.net\/wp-content\/uploads\/2025\/04\/grafik-40-768x96.png 768w, https:\/\/support.cajac.net\/wp-content\/uploads\/2025\/04\/grafik-40-421x53.png 421w, https:\/\/support.cajac.net\/wp-content\/uploads\/2025\/04\/grafik-40.png 1122w\" sizes=\"auto, (max-width: 1024px) 100vw, 1024px\" \/><figcaption class=\"wp-element-caption\">Adressliste <\/figcaption><\/figure>\n<\/div>\n\n\n<p>\u00dcber den Haken in der ersten Spalte wird gesteuert, welche Adressen sp\u00e4ter im Serienbrief ber\u00fccksichtigt werden. Bei einer gr\u00f6\u00dferen Adress-Liste kann es sinnvoll sein, die Liste als Tabelle zu \u00f6ffnen:<\/p>\n\n\n<div class=\"wp-block-image\">\n<figure class=\"aligncenter size-large is-resized\"><img loading=\"lazy\" decoding=\"async\" width=\"1024\" height=\"346\" src=\"\/wp-content\/uploads\/2025\/04\/grafik-41-1024x346.png\" alt=\"\" class=\"wp-image-159\" style=\"width:920px;height:auto\" srcset=\"https:\/\/support.cajac.net\/wp-content\/uploads\/2025\/04\/grafik-41-1024x346.png 1024w, https:\/\/support.cajac.net\/wp-content\/uploads\/2025\/04\/grafik-41-300x101.png 300w, https:\/\/support.cajac.net\/wp-content\/uploads\/2025\/04\/grafik-41-768x259.png 768w, https:\/\/support.cajac.net\/wp-content\/uploads\/2025\/04\/grafik-41-421x142.png 421w, https:\/\/support.cajac.net\/wp-content\/uploads\/2025\/04\/grafik-41.png 1111w\" sizes=\"auto, (max-width: 1024px) 100vw, 1024px\" \/><\/figure>\n<\/div>\n\n<div class=\"wp-block-image\">\n<figure class=\"aligncenter size-full\"><img loading=\"lazy\" decoding=\"async\" width=\"990\" height=\"352\" src=\"\/wp-content\/uploads\/2025\/04\/grafik-42.png\" alt=\"\" class=\"wp-image-160\" srcset=\"https:\/\/support.cajac.net\/wp-content\/uploads\/2025\/04\/grafik-42.png 990w, https:\/\/support.cajac.net\/wp-content\/uploads\/2025\/04\/grafik-42-300x107.png 300w, https:\/\/support.cajac.net\/wp-content\/uploads\/2025\/04\/grafik-42-768x273.png 768w, https:\/\/support.cajac.net\/wp-content\/uploads\/2025\/04\/grafik-42-421x150.png 421w\" sizes=\"auto, (max-width: 990px) 100vw, 990px\" \/><figcaption class=\"wp-element-caption\">Adress\u00fcbersicht in Tabelle<\/figcaption><\/figure>\n<\/div>\n\n\n<p>Dieses Fenster l\u00e4\u00dft sich beliebig vergr\u00f6\u00dfern und auch hier k\u00f6nnen weitere Adressen \u00fcber die rechte Maustaste hinzugef\u00fcgt werden oder Adressen entfernt. <\/p>\n\n\n\n<h4 class=\"wp-block-heading\">Bearbeiten des Word-Dokuments<\/h4>\n\n\n\n<p>Sind die Adressen, Objekt und Betreff eingetragen und gespeichert wird \u00fcber den Knopf &#8218;Bearbeiten&#8216; MS Word gestartet:<br><\/p>\n\n\n<div class=\"wp-block-image\">\n<figure class=\"aligncenter size-full\"><img loading=\"lazy\" decoding=\"async\" width=\"534\" height=\"93\" src=\"\/wp-content\/uploads\/2025\/04\/grafik-46.png\" alt=\"\" class=\"wp-image-166\" srcset=\"https:\/\/support.cajac.net\/wp-content\/uploads\/2025\/04\/grafik-46.png 534w, https:\/\/support.cajac.net\/wp-content\/uploads\/2025\/04\/grafik-46-300x52.png 300w, https:\/\/support.cajac.net\/wp-content\/uploads\/2025\/04\/grafik-46-421x73.png 421w\" sizes=\"auto, (max-width: 534px) 100vw, 534px\" \/><\/figure>\n<\/div>\n\n\n<p>Es \u00f6ffnet sich MS Word und die Vorlage mit den ausgef\u00fcllten Platzhaltern \u00f6ffnet sich:<\/p>\n\n\n<div class=\"wp-block-image\">\n<figure class=\"aligncenter size-full\"><img loading=\"lazy\" decoding=\"async\" width=\"644\" height=\"702\" src=\"\/wp-content\/uploads\/2025\/04\/grafik-47.png\" alt=\"\" class=\"wp-image-169\" srcset=\"https:\/\/support.cajac.net\/wp-content\/uploads\/2025\/04\/grafik-47.png 644w, https:\/\/support.cajac.net\/wp-content\/uploads\/2025\/04\/grafik-47-275x300.png 275w\" sizes=\"auto, (max-width: 644px) 100vw, 644px\" \/><figcaption class=\"wp-element-caption\">Beispieldokument Serienbrief mit ausgef\u00fcllten Platzhaltern<\/figcaption><\/figure>\n<\/div>\n\n\n<p>Nun kann der Serienbrief mit den gewohnten Word-Funktionen bearbeitet werden. (Eingabe von Text und Einf\u00fcgen von Bildern, Anpassen von Formatierungen, etc.)<\/p>\n\n\n\n<h4 class=\"wp-block-heading\">Personalisieren des Dokuments<\/h4>\n\n\n\n<p>Personalisieren im Sinne von CAJAC bedeutet f\u00fcr jede zugeordnete und markierte Adresse wird ein separates PDF-Dokument generiert und ist damit der jeweiligen Adresse zugeordnet. Daf\u00fcr steht in Word technisch das CAJAC Add-In cajmso zur Verf\u00fcgung. Die Funktionen findet man in Word unter dem separaten CAJAC-Reiter:<\/p>\n\n\n<div class=\"wp-block-image\">\n<figure class=\"aligncenter size-large\"><img loading=\"lazy\" decoding=\"async\" width=\"1024\" height=\"150\" src=\"\/wp-content\/uploads\/2025\/04\/grafik-48-1024x150.png\" alt=\"\" class=\"wp-image-172\" srcset=\"https:\/\/support.cajac.net\/wp-content\/uploads\/2025\/04\/grafik-48-1024x150.png 1024w, https:\/\/support.cajac.net\/wp-content\/uploads\/2025\/04\/grafik-48-300x44.png 300w, https:\/\/support.cajac.net\/wp-content\/uploads\/2025\/04\/grafik-48-768x113.png 768w, https:\/\/support.cajac.net\/wp-content\/uploads\/2025\/04\/grafik-48-421x62.png 421w, https:\/\/support.cajac.net\/wp-content\/uploads\/2025\/04\/grafik-48.png 1058w\" sizes=\"auto, (max-width: 1024px) 100vw, 1024px\" \/><\/figure>\n<\/div>\n\n\n<blockquote class=\"wp-block-quote is-layout-flow wp-block-quote-is-layout-flow\">\n<p>WICHTIG: DOKUMENT IMMER \u00dcBER DIESE SPEICHER-KN\u00d6PFE SICHERN UND SCHLIE\u00dfEN. Andernfalls wird das Dokument NICHT in das CAJAC-Archiv zur\u00fcck gesichert. <\/p>\n<\/blockquote>\n\n\n\n<h6 class=\"wp-block-heading\">Unterschrift einf\u00fcgen<\/h6>\n\n\n\n<p>F\u00fcr jeden Benutzer ist im Benutzerstamm eine digitale Unterschrift hinterlegt. \u00dcber die Funktionskn\u00f6pfe &#8218;Unterschrift ZB&#8216; bzw. &#8218;Unterschrift&#8216; wird diese Unterschrift in das Dokument auf die vordefinierte Stelle importiert:<\/p>\n\n\n<div class=\"wp-block-image\">\n<figure class=\"aligncenter size-full\"><img loading=\"lazy\" decoding=\"async\" width=\"245\" height=\"114\" src=\"\/wp-content\/uploads\/2025\/04\/grafik-49.png\" alt=\"\" class=\"wp-image-175\"\/><\/figure>\n<\/div>\n\n<div class=\"wp-block-image\">\n<figure class=\"aligncenter size-full\"><img loading=\"lazy\" decoding=\"async\" width=\"359\" height=\"150\" src=\"\/wp-content\/uploads\/2025\/04\/grafik-50.png\" alt=\"\" class=\"wp-image-176\" srcset=\"https:\/\/support.cajac.net\/wp-content\/uploads\/2025\/04\/grafik-50.png 359w, https:\/\/support.cajac.net\/wp-content\/uploads\/2025\/04\/grafik-50-300x125.png 300w\" sizes=\"auto, (max-width: 359px) 100vw, 359px\" \/><\/figure>\n<\/div>\n\n\n<p>Ist das Worddokument fertig, kann es personalisiert werden, also die Generierung der PDF-Dokumente vorgenommen werden:<\/p>\n\n\n<div class=\"wp-block-image\">\n<figure class=\"aligncenter size-full\"><img loading=\"lazy\" decoding=\"async\" width=\"479\" height=\"95\" src=\"\/wp-content\/uploads\/2025\/04\/grafik-51.png\" alt=\"\" class=\"wp-image-177\" srcset=\"https:\/\/support.cajac.net\/wp-content\/uploads\/2025\/04\/grafik-51.png 479w, https:\/\/support.cajac.net\/wp-content\/uploads\/2025\/04\/grafik-51-300x59.png 300w, https:\/\/support.cajac.net\/wp-content\/uploads\/2025\/04\/grafik-51-421x83.png 421w\" sizes=\"auto, (max-width: 479px) 100vw, 479px\" \/><\/figure>\n<\/div>\n\n<div class=\"wp-block-image\">\n<figure class=\"aligncenter size-full\"><img loading=\"lazy\" decoding=\"async\" width=\"645\" height=\"444\" src=\"\/wp-content\/uploads\/2025\/04\/grafik-53.png\" alt=\"\" class=\"wp-image-179\" srcset=\"https:\/\/support.cajac.net\/wp-content\/uploads\/2025\/04\/grafik-53.png 645w, https:\/\/support.cajac.net\/wp-content\/uploads\/2025\/04\/grafik-53-300x207.png 300w, https:\/\/support.cajac.net\/wp-content\/uploads\/2025\/04\/grafik-53-421x290.png 421w\" sizes=\"auto, (max-width: 645px) 100vw, 645px\" \/><\/figure>\n<\/div>\n\n\n<ul class=\"wp-block-list\">\n<li>Es wird angezeigt, wieviele Adressen zur Generierung ausgew\u00e4hlt sind =&gt; hier k\u00f6nnten noch Adressen von der Personalisierung ausgenommen werden<\/li>\n\n\n\n<li>Auswahl des Druckers, falls der Serienbrief direkt ausgedruckt werden soll<\/li>\n\n\n\n<li>Angabe eines ggf. abweichenden Belegdruckers<\/li>\n\n\n\n<li>PDF&#8217;s erstellen =&gt; es werden lediglich PDF-Dokumente generiert und nicht ausgedruckt<\/li>\n\n\n\n<li>PDF&#8217;s erstellen und Ausdruck eines Belegexemplars =&gt; es wird nur das Belegexemplar an den Drucker gesendet<\/li>\n\n\n\n<li>Serienbriefe drucken und PDF&#8217;s erstellen<\/li>\n\n\n\n<li>Sowohl Serienbriefe als auch das Belegexemplar drucken und PDF&#8217;s speichern<\/li>\n<\/ul>\n\n\n\n<p>=&gt; PDF&#8217;s werden immer generiert<\/p>\n\n\n\n<p>Anschlie\u00dfend das Worddokument speichern und schlie\u00dfen<\/p>\n\n\n<div class=\"wp-block-image\">\n<figure class=\"aligncenter size-large\"><img loading=\"lazy\" decoding=\"async\" width=\"1024\" height=\"98\" src=\"\/wp-content\/uploads\/2025\/04\/grafik-54-1024x98.png\" alt=\"\" class=\"wp-image-182\" srcset=\"https:\/\/support.cajac.net\/wp-content\/uploads\/2025\/04\/grafik-54-1024x98.png 1024w, https:\/\/support.cajac.net\/wp-content\/uploads\/2025\/04\/grafik-54-300x29.png 300w, https:\/\/support.cajac.net\/wp-content\/uploads\/2025\/04\/grafik-54-768x73.png 768w, https:\/\/support.cajac.net\/wp-content\/uploads\/2025\/04\/grafik-54-421x40.png 421w, https:\/\/support.cajac.net\/wp-content\/uploads\/2025\/04\/grafik-54.png 1269w\" sizes=\"auto, (max-width: 1024px) 100vw, 1024px\" \/><\/figure>\n<\/div>\n\n\n<p>Das Schlie\u00dfen von Word \u00fcber &#8218;X&#8216; (Schlie\u00dfen des Fensters) ist ebenso m\u00f6glich:<\/p>\n\n\n<div class=\"wp-block-image\">\n<figure class=\"aligncenter size-full\"><img loading=\"lazy\" decoding=\"async\" width=\"229\" height=\"76\" src=\"\/wp-content\/uploads\/2025\/04\/grafik-55.png\" alt=\"\" class=\"wp-image-183\"\/><\/figure>\n<\/div>\n\n\n<p>Auf jeden Fall muss folgendes Fenster zur Best\u00e4tigung angezeigt werden:<\/p>\n\n\n<div class=\"wp-block-image\">\n<figure class=\"aligncenter size-full\"><img loading=\"lazy\" decoding=\"async\" width=\"529\" height=\"171\" src=\"\/wp-content\/uploads\/2025\/04\/grafik-56.png\" alt=\"\" class=\"wp-image-184\" srcset=\"https:\/\/support.cajac.net\/wp-content\/uploads\/2025\/04\/grafik-56.png 529w, https:\/\/support.cajac.net\/wp-content\/uploads\/2025\/04\/grafik-56-300x97.png 300w, https:\/\/support.cajac.net\/wp-content\/uploads\/2025\/04\/grafik-56-421x136.png 421w\" sizes=\"auto, (max-width: 529px) 100vw, 529px\" \/><figcaption class=\"wp-element-caption\">\u00c4ltere CAJAC MSO-Schnittstelle<\/figcaption><\/figure>\n<\/div>\n\n\n<p class=\"has-text-align-center\">oder<\/p>\n\n\n<div class=\"wp-block-image\">\n<figure class=\"aligncenter size-full\"><img loading=\"lazy\" decoding=\"async\" width=\"530\" height=\"175\" src=\"\/wp-content\/uploads\/2025\/04\/grafik-58.png\" alt=\"\" class=\"wp-image-186\" srcset=\"https:\/\/support.cajac.net\/wp-content\/uploads\/2025\/04\/grafik-58.png 530w, https:\/\/support.cajac.net\/wp-content\/uploads\/2025\/04\/grafik-58-300x99.png 300w, https:\/\/support.cajac.net\/wp-content\/uploads\/2025\/04\/grafik-58-421x139.png 421w\" sizes=\"auto, (max-width: 530px) 100vw, 530px\" \/><figcaption class=\"wp-element-caption\">Aktuelle CAJAC MSO-Schnittstelle<\/figcaption><\/figure>\n<\/div>\n\n\n<p>Alle anderen Fenster deuten auf eine Fehlfunktion der Schnittstelle und erfordern eine Sonderbehandlung<\/p>\n","protected":false},"excerpt":{"rendered":"<p>Zun\u00e4chst wird \u00fcber den Knopf &#8218;Dokument&#8216; ein Dokument aus den Dokumentvorlagen ausgew\u00e4hlt und angelegt: In der Aufgabenliste wird ein neuer Eintrag angezeigt mit dem Namen &hellip;<\/p>\n","protected":false},"author":2,"featured_media":0,"parent":0,"menu_order":0,"comment_status":"closed","ping_status":"closed","template":"","meta":{"footnotes":""},"class_list":["post-131","page","type-page","status-publish","hentry"],"_links":{"self":[{"href":"https:\/\/support.cajac.net\/index.php?rest_route=\/wp\/v2\/pages\/131","targetHints":{"allow":["GET"]}}],"collection":[{"href":"https:\/\/support.cajac.net\/index.php?rest_route=\/wp\/v2\/pages"}],"about":[{"href":"https:\/\/support.cajac.net\/index.php?rest_route=\/wp\/v2\/types\/page"}],"author":[{"embeddable":true,"href":"https:\/\/support.cajac.net\/index.php?rest_route=\/wp\/v2\/users\/2"}],"replies":[{"embeddable":true,"href":"https:\/\/support.cajac.net\/index.php?rest_route=%2Fwp%2Fv2%2Fcomments&post=131"}],"version-history":[{"count":12,"href":"https:\/\/support.cajac.net\/index.php?rest_route=\/wp\/v2\/pages\/131\/revisions"}],"predecessor-version":[{"id":190,"href":"https:\/\/support.cajac.net\/index.php?rest_route=\/wp\/v2\/pages\/131\/revisions\/190"}],"wp:attachment":[{"href":"https:\/\/support.cajac.net\/index.php?rest_route=%2Fwp%2Fv2%2Fmedia&parent=131"}],"curies":[{"name":"wp","href":"https:\/\/api.w.org\/{rel}","templated":true}]}}