{"id":122,"date":"2025-04-25T09:20:35","date_gmt":"2025-04-25T09:20:35","guid":{"rendered":"https:\/\/support.cajac.net\/?page_id=122"},"modified":"2025-09-10T10:26:36","modified_gmt":"2025-09-10T10:26:36","slug":"zuruecksetzen-passwort-fuer-webportal-fuer-eigentuemer-mieter-etc","status":"publish","type":"page","link":"https:\/\/support.cajac.net\/?page_id=122","title":{"rendered":"Zur\u00fccksetzen Passwort f\u00fcr WebPortal f\u00fcr Eigent\u00fcmer\/Mieter\/etc"},"content":{"rendered":"\n<p>Adresse suchen und \u00fcber &#8218;Extras&#8216; -&gt; WebPortal -&gt; Passwort zur\u00fccksetzen ein neues Passwort setzen und dem Eigent\u00fcmer mitteilen.<\/p>\n\n\n\n<p>Suchen der Adresse z.B. \u00fcber den Tabreiter &#8218;Personen\/Adressen&#8216;<\/p>\n\n\n<div class=\"wp-block-image\">\n<figure class=\"aligncenter size-large\"><img loading=\"lazy\" decoding=\"async\" width=\"1024\" height=\"693\" src=\"\/wp-content\/uploads\/2025\/04\/grafik-22-1024x693.png\" alt=\"\" class=\"wp-image-123\" srcset=\"https:\/\/support.cajac.net\/wp-content\/uploads\/2025\/04\/grafik-22-1024x693.png 1024w, https:\/\/support.cajac.net\/wp-content\/uploads\/2025\/04\/grafik-22-300x203.png 300w, https:\/\/support.cajac.net\/wp-content\/uploads\/2025\/04\/grafik-22-768x520.png 768w, https:\/\/support.cajac.net\/wp-content\/uploads\/2025\/04\/grafik-22-421x285.png 421w, https:\/\/support.cajac.net\/wp-content\/uploads\/2025\/04\/grafik-22.png 1112w\" sizes=\"auto, (max-width: 1024px) 100vw, 1024px\" \/><figcaption class=\"wp-element-caption\">Tabreiter Personen\/Adressverwaltung<\/figcaption><\/figure>\n<\/div>\n\n<div class=\"wp-block-image\">\n<figure class=\"aligncenter size-full\"><img loading=\"lazy\" decoding=\"async\" width=\"777\" height=\"672\" src=\"\/wp-content\/uploads\/2025\/04\/grafik-23.png\" alt=\"\" class=\"wp-image-124\" srcset=\"https:\/\/support.cajac.net\/wp-content\/uploads\/2025\/04\/grafik-23.png 777w, https:\/\/support.cajac.net\/wp-content\/uploads\/2025\/04\/grafik-23-300x259.png 300w, https:\/\/support.cajac.net\/wp-content\/uploads\/2025\/04\/grafik-23-768x664.png 768w, https:\/\/support.cajac.net\/wp-content\/uploads\/2025\/04\/grafik-23-347x300.png 347w\" sizes=\"auto, (max-width: 777px) 100vw, 777px\" \/><figcaption class=\"wp-element-caption\">Suchmaske f\u00fcr Personen\/Adressen<\/figcaption><\/figure>\n<\/div>\n\n\n<p>Gesuchte Adresse markieren und \u00fcber Extras -&gt; WebPortal das Passwort zur\u00fccksetzen oder neu erzeugen<\/p>\n\n\n\n<figure class=\"wp-block-image size-large\"><img loading=\"lazy\" decoding=\"async\" width=\"1024\" height=\"632\" src=\"\/wp-content\/uploads\/2025\/04\/grafik-24-1024x632.png\" alt=\"\" class=\"wp-image-125\" srcset=\"https:\/\/support.cajac.net\/wp-content\/uploads\/2025\/04\/grafik-24-1024x632.png 1024w, https:\/\/support.cajac.net\/wp-content\/uploads\/2025\/04\/grafik-24-300x185.png 300w, https:\/\/support.cajac.net\/wp-content\/uploads\/2025\/04\/grafik-24-768x474.png 768w, https:\/\/support.cajac.net\/wp-content\/uploads\/2025\/04\/grafik-24-421x260.png 421w, https:\/\/support.cajac.net\/wp-content\/uploads\/2025\/04\/grafik-24.png 1145w\" sizes=\"auto, (max-width: 1024px) 100vw, 1024px\" \/><\/figure>\n\n\n\n<ul class=\"wp-block-list\">\n<li>Passwort neu erzeugen: Im Hintergrund wird ein neues Passwort erzeugt, i.d.R. eine zun\u00e4chst unverschl\u00fcsselte 6-stellige Ziffer. Dieses Passwort kann dann \u00fcber eine E-Mail oder Brief mit entsprechenden Platzhalter an den Eigent\u00fcmer \u00fcbermittelt werden.<\/li>\n\n\n\n<li>Passwort zur\u00fccksetzen: Es wird explizit die Eingabe eines neuen Passworts angefordert und sofort verschl\u00fcsselt abgespeichert. ACHTUNG: Dieses Passwort kann dann nicht mehr \u00fcber Platzhalter in einem Dokument oder E-Mail angezeigt werden.<\/li>\n\n\n\n<li>Regeln f\u00fcr das Passwort\n<ul class=\"wp-block-list\">\n<li>alle Ziffern, Gro\u00df- und Kleinbuchstaben sind erlaubt<\/li>\n\n\n\n<li>Folgende Sonderzeichen sind erlaubt: ! ? &#8220; \u00a7 $ \/ ( ) * + # &#8211; _ . , ; : | &lt; > <\/li>\n\n\n\n<li>Folgendes Sonderzeichen sind NICHT erlaubt: % &#8218; (Prozentzeichen und einfaches Hochkomma) und Leerzeichen<\/li>\n\n\n\n<li>Umlaute und schafes \u00df sind zwar erlaubt, aber nicht empfehlenswert<\/li>\n\n\n\n<li>mind. 6 Stellen <\/li>\n<\/ul>\n<\/li>\n<\/ul>\n","protected":false},"excerpt":{"rendered":"<p>Adresse suchen und \u00fcber &#8218;Extras&#8216; -&gt; WebPortal -&gt; Passwort zur\u00fccksetzen ein neues Passwort setzen und dem Eigent\u00fcmer mitteilen. Suchen der Adresse z.B. \u00fcber den Tabreiter &hellip;<\/p>\n","protected":false},"author":2,"featured_media":0,"parent":0,"menu_order":0,"comment_status":"closed","ping_status":"closed","template":"","meta":{"footnotes":""},"class_list":["post-122","page","type-page","status-publish","hentry"],"_links":{"self":[{"href":"https:\/\/support.cajac.net\/index.php?rest_route=\/wp\/v2\/pages\/122","targetHints":{"allow":["GET"]}}],"collection":[{"href":"https:\/\/support.cajac.net\/index.php?rest_route=\/wp\/v2\/pages"}],"about":[{"href":"https:\/\/support.cajac.net\/index.php?rest_route=\/wp\/v2\/types\/page"}],"author":[{"embeddable":true,"href":"https:\/\/support.cajac.net\/index.php?rest_route=\/wp\/v2\/users\/2"}],"replies":[{"embeddable":true,"href":"https:\/\/support.cajac.net\/index.php?rest_route=%2Fwp%2Fv2%2Fcomments&post=122"}],"version-history":[{"count":4,"href":"https:\/\/support.cajac.net\/index.php?rest_route=\/wp\/v2\/pages\/122\/revisions"}],"predecessor-version":[{"id":301,"href":"https:\/\/support.cajac.net\/index.php?rest_route=\/wp\/v2\/pages\/122\/revisions\/301"}],"wp:attachment":[{"href":"https:\/\/support.cajac.net\/index.php?rest_route=%2Fwp%2Fv2%2Fmedia&parent=122"}],"curies":[{"name":"wp","href":"https:\/\/api.w.org\/{rel}","templated":true}]}}